{"id":68,"date":"2023-05-04T17:01:46","date_gmt":"2023-05-04T20:01:46","guid":{"rendered":"https:\/\/www.ime.unicamp.br\/~viwfpde\/?page_id=68"},"modified":"2023-11-23T16:18:42","modified_gmt":"2023-11-23T19:18:42","slug":"speakers","status":"publish","type":"page","link":"https:\/\/www.ime.unicamp.br\/~viwfpde\/index.php\/speakers\/","title":{"rendered":"Speakers"},"content":{"rendered":"\n<p><\/p>\n\n\n\n<p>Eduardo Abreu (Universidade Estadual de Campinas, Brazil)<br>Serguei Agafonov (Universidade Estadual Paulista J\u00falio de Mesquita Filho, Brazil)<br>Sultan Aitzhan (Drexel University, USA)<br>Marcelo Almeida (Universidade Federal de Sergipe, Brazil)<br>David Ambrose (Drexel University, USA)<br>Claude Bardos (France)<br>Nikolai Chemetov (Universidade de S\u00e3o Paulo, Brazil)<br>Peter Constantin (Princeton University, USA)<br>Gianluca Crippa (Universit\u00e4t Basel, Switzerland)<br>Gilberlandio J. Dias (Universidade Federal do Amap\u00e1, Brazil)<br>Berengere Dubrulle (SPEC, CEA, CNRS, Universite Paris-Saclay, France)<br>Josiane Faria (Universidade Estadual de Maring\u00e1, Brazil)<br>Lucas Ferreira (Universidade Estadual de Campinas, Brazil)<br>Ricardo Martins Mendes Guimaraes (Universidade Estadual de Campinas, Brazil)<br>Matthias Hieber (Technische Universit\u00e4t Darmstadt, Germany)<br>Edison Fausto Cuba Huamani (Pontif\u00edcia Universidade Catolica do Rio de Janeiro, Brazil)<br>J\u00falia Domingues Lemos (Universidade Federal do Rio de Janeiro, Brazil)<br>Lidiane Lima (Universidade Federal de Goi\u00e1s, Brazil)<br>Juliana Honda Lopes (Universidade de S\u00e3o Paulo, Brazil)<br>Alexei Mailybaev (Instituto de Matem\u00e1tica Pura e Aplicada, Brazil)<br>Anna Mazzucato (Penn State University, USA)<br>Cecilia Mondaini (Drexel University, USA)<br>C\u00e9sar Niche (Universidade Federal do Rio de Janeiro, Brazil)<br>Cilon Perusato (Universidade Federal de Pernambuco, Brazil)<br>Yulia Petrova (Pontif\u00edcia Universidade Catolica do Rio de Janeiro, Brazil)<br>Juliana Precioso (Universidade Estadual Paulista J\u00falio de Mesquita Filho, Brazil)<br>F\u00e1bio Ramos (Universidade Federal do Rio de Janeiro, Brazil)<br>Ricardo Rosa (Universidade Federal do Rio de Janeiro, Brazil)<br>Christian Seis (Universit\u00e4t M\u00fcnster, Germany)<br>Roman Shvydkoy (University of Illinois at Chicago, USA)<br>Henrique Borrin de Souza (Universidade Estadual de Campinas, Brazil)<br>Sergey Tikhomirov (Pontif\u00edcia Universidade Catolica do Rio de Janeiro, Brazil)<br>Edriss Titi (University of Cambridge, UK)<br>Zhouping Xin (The Chinese University of Hong Kong,  Hong Kong)<\/p>\n\n\n\n<figure class=\"wp-block-image size-large\"><img loading=\"lazy\" decoding=\"async\" width=\"1024\" height=\"256\" src=\"https:\/\/www.ime.unicamp.br\/~viwfpde\/wp-content\/uploads\/2023\/10\/patrocinio-1-1024x256.png\" alt=\"\" class=\"wp-image-484\" srcset=\"https:\/\/www.ime.unicamp.br\/~viwfpde\/wp-content\/uploads\/2023\/10\/patrocinio-1-1024x256.png 1024w, https:\/\/www.ime.unicamp.br\/~viwfpde\/wp-content\/uploads\/2023\/10\/patrocinio-1-300x75.png 300w, https:\/\/www.ime.unicamp.br\/~viwfpde\/wp-content\/uploads\/2023\/10\/patrocinio-1-768x192.png 768w, https:\/\/www.ime.unicamp.br\/~viwfpde\/wp-content\/uploads\/2023\/10\/patrocinio-1-1536x384.png 1536w, https:\/\/www.ime.unicamp.br\/~viwfpde\/wp-content\/uploads\/2023\/10\/patrocinio-1.png 2000w\" sizes=\"auto, (max-width: 1024px) 100vw, 1024px\" \/><\/figure>\n\n\n\n<p><\/p>\n\n\n\n<p><br><br><\/p>\n","protected":false},"excerpt":{"rendered":"<p>Eduardo Abreu (Universidade Estadual de Campinas, Brazil)Serguei Agafonov (Universidade Estadual Paulista J\u00falio de Mesquita Filho, Brazil)Sultan Aitzhan (Drexel University, USA)Marcelo Almeida (Universidade Federal de Sergipe, Brazil)David Ambrose (Drexel University, USA)Claude Bardos (France)Nikolai Chemetov (Universidade de S\u00e3o Paulo, Brazil)Peter Constantin (Princeton University, USA)Gianluca Crippa (Universit\u00e4t Basel, Switzerland)Gilberlandio J. Dias (Universidade Federal do Amap\u00e1, Brazil)Berengere Dubrulle (SPEC, &hellip;<\/p>\n<p class=\"read-more\"> <a class=\"\" href=\"https:\/\/www.ime.unicamp.br\/~viwfpde\/index.php\/speakers\/\"> <span class=\"screen-reader-text\">Speakers<\/span> Leia mais &raquo;<\/a><\/p>\n","protected":false},"author":1,"featured_media":0,"parent":0,"menu_order":0,"comment_status":"closed","ping_status":"closed","template":"","meta":{"site-sidebar-layout":"default","site-content-layout":"default","ast-global-header-display":"","ast-banner-title-visibility":"","ast-main-header-display":"","ast-hfb-above-header-display":"","ast-hfb-below-header-display":"","ast-hfb-mobile-header-display":"","site-post-title":"","ast-breadcrumbs-content":"","ast-featured-img":"","footer-sml-layout":"","theme-transparent-header-meta":"","adv-header-id-meta":"","stick-header-meta":"","header-above-stick-meta":"","header-main-stick-meta":"","header-below-stick-meta":"","footnotes":""},"class_list":["post-68","page","type-page","status-publish","hentry"],"_links":{"self":[{"href":"https:\/\/www.ime.unicamp.br\/~viwfpde\/index.php\/wp-json\/wp\/v2\/pages\/68","targetHints":{"allow":["GET"]}}],"collection":[{"href":"https:\/\/www.ime.unicamp.br\/~viwfpde\/index.php\/wp-json\/wp\/v2\/pages"}],"about":[{"href":"https:\/\/www.ime.unicamp.br\/~viwfpde\/index.php\/wp-json\/wp\/v2\/types\/page"}],"author":[{"embeddable":true,"href":"https:\/\/www.ime.unicamp.br\/~viwfpde\/index.php\/wp-json\/wp\/v2\/users\/1"}],"replies":[{"embeddable":true,"href":"https:\/\/www.ime.unicamp.br\/~viwfpde\/index.php\/wp-json\/wp\/v2\/comments?post=68"}],"version-history":[{"count":17,"href":"https:\/\/www.ime.unicamp.br\/~viwfpde\/index.php\/wp-json\/wp\/v2\/pages\/68\/revisions"}],"predecessor-version":[{"id":508,"href":"https:\/\/www.ime.unicamp.br\/~viwfpde\/index.php\/wp-json\/wp\/v2\/pages\/68\/revisions\/508"}],"wp:attachment":[{"href":"https:\/\/www.ime.unicamp.br\/~viwfpde\/index.php\/wp-json\/wp\/v2\/media?parent=68"}],"curies":[{"name":"wp","href":"https:\/\/api.w.org\/{rel}","templated":true}]}}