{"id":2333,"date":"2026-05-08T16:39:46","date_gmt":"2026-05-08T19:39:46","guid":{"rendered":"https:\/\/www.ime.unicamp.br\/~semap\/?page_id=2333"},"modified":"2026-05-08T17:10:41","modified_gmt":"2026-05-08T20:10:41","slug":"2026-2","status":"publish","type":"page","link":"https:\/\/www.ime.unicamp.br\/~semap\/index.php\/2026-2\/","title":{"rendered":"2026"},"content":{"rendered":"\t\t<div data-elementor-type=\"wp-page\" data-elementor-id=\"2333\" class=\"elementor elementor-2333\">\n\t\t\t\t<div class=\"elementor-element elementor-element-d980f6e e-grid e-con-boxed wpr-particle-no wpr-jarallax-no wpr-parallax-no wpr-sticky-section-no e-con e-parent\" data-id=\"d980f6e\" data-element_type=\"container\">\n\t\t\t\t\t<div class=\"e-con-inner\">\n\t\t\t\t<div class=\"elementor-element elementor-element-3543630 elementor-widget elementor-widget-heading\" data-id=\"3543630\" data-element_type=\"widget\" data-widget_type=\"heading.default\">\n\t\t\t\t<div class=\"elementor-widget-container\">\n\t\t\t\t\t<h3 class=\"elementor-heading-title elementor-size-default\">Atividades da semana\n<\/h3>\t\t\t\t<\/div>\n\t\t\t\t<\/div>\n\t\t\t\t\t<\/div>\n\t\t\t\t<\/div>\n\t\t<div class=\"elementor-element elementor-element-2df75bb e-flex e-con-boxed wpr-particle-no wpr-jarallax-no wpr-parallax-no wpr-sticky-section-no e-con e-parent\" data-id=\"2df75bb\" data-element_type=\"container\">\n\t\t\t\t\t<div class=\"e-con-inner\">\n\t\t\t\t<div class=\"elementor-element elementor-element-a0b1ad9 elementor-widget elementor-widget-text-editor\" data-id=\"a0b1ad9\" data-element_type=\"widget\" data-widget_type=\"text-editor.default\">\n\t\t\t\t<div class=\"elementor-widget-container\">\n\t\t\t\t\t\t\t\t\t<h5>Palestras:<\/h5><p>As palestras t\u00eam como objetivo aproximar os estudantes das diversas \u00e1reas de atua\u00e7\u00e3o da Matem\u00e1tica Aplicada e Computacional. Por meio da participa\u00e7\u00e3o de profissionais, pesquisadores e professores, buscamos proporcionar momentos de troca de conhecimento, experi\u00eancias e perspectivas sobre o mercado de trabalho, pesquisa e inova\u00e7\u00e3o.<\/p>\t\t\t\t\t\t\t\t<\/div>\n\t\t\t\t<\/div>\n\t\t\t\t\t<\/div>\n\t\t\t\t<\/div>\n\t\t<div class=\"elementor-element elementor-element-73c61cb e-grid e-con-boxed wpr-particle-no wpr-jarallax-no wpr-parallax-no wpr-sticky-section-no e-con e-parent\" data-id=\"73c61cb\" data-element_type=\"container\">\n\t\t\t\t\t<div class=\"e-con-inner\">\n\t\t\t\t<div class=\"elementor-element elementor-element-52faacf elementor-widget elementor-widget-text-editor\" data-id=\"52faacf\" data-element_type=\"widget\" data-widget_type=\"text-editor.default\">\n\t\t\t\t<div class=\"elementor-widget-container\">\n\t\t\t\t\t\t\t\t\t<h5>Minicursos:<\/h5><p>Os minicursos oferecem aos participantes a oportunidade de aprofundar conhecimentos em diferentes temas da Matem\u00e1tica Aplicada e Computacional, por meio de atividades pr\u00e1ticas e introdut\u00f3rias. Buscam estimular o aprendizado, a troca de experi\u00eancias e o contato com ferramentas e \u00e1reas de atua\u00e7\u00e3o presentes no meio acad\u00eamico e profissional.<\/p>\t\t\t\t\t\t\t\t<\/div>\n\t\t\t\t<\/div>\n\t\t\t\t\t<\/div>\n\t\t\t\t<\/div>\n\t\t<div class=\"elementor-element elementor-element-b77bc88 e-grid e-con-boxed wpr-particle-no wpr-jarallax-no wpr-parallax-no wpr-sticky-section-no e-con e-parent\" data-id=\"b77bc88\" data-element_type=\"container\">\n\t\t\t\t\t<div class=\"e-con-inner\">\n\t\t\t\t<div class=\"elementor-element elementor-element-177c5d4 elementor-widget elementor-widget-text-editor\" data-id=\"177c5d4\" data-element_type=\"widget\" data-widget_type=\"text-editor.default\">\n\t\t\t\t<div class=\"elementor-widget-container\">\n\t\t\t\t\t\t\t\t\t<h5>Mesas-Redondas:<\/h5><p>As mesas redondas promovem um espa\u00e7o de di\u00e1logo e troca de experi\u00eancias entre convidados de diferentes \u00e1reas. As atividades buscam incentivar discuss\u00f5es sobre trajet\u00f3rias acad\u00eamicas, mercado de trabalho, pesquisa e os desafios encontrados ao longo da forma\u00e7\u00e3o e atua\u00e7\u00e3o profissional.<\/p><p>\u00a0<\/p>\t\t\t\t\t\t\t\t<\/div>\n\t\t\t\t<\/div>\n\t\t\t\t\t<\/div>\n\t\t\t\t<\/div>\n\t\t<div class=\"elementor-element elementor-element-eb02300 e-grid e-con-boxed wpr-particle-no wpr-jarallax-no wpr-parallax-no wpr-sticky-section-no e-con e-parent\" data-id=\"eb02300\" data-element_type=\"container\">\n\t\t\t\t\t<div class=\"e-con-inner\">\n\t\t\t\t<div class=\"elementor-element elementor-element-3106b8f elementor-widget elementor-widget-text-editor\" data-id=\"3106b8f\" data-element_type=\"widget\" data-widget_type=\"text-editor.default\">\n\t\t\t\t<div class=\"elementor-widget-container\">\n\t\t\t\t\t\t\t\t\t<h5>Visitas T\u00e9cnicas:<\/h5><p>As visitas t\u00e9cnicas proporcionam aos participantes a oportunidade de conhecer ambientes profissionais e institui\u00e7\u00f5es que utilizam a Matem\u00e1tica Aplicada e Computacional em suas atividades. A proposta busca aproximar os estudantes da pr\u00e1tica profissional.<\/p>\t\t\t\t\t\t\t\t<\/div>\n\t\t\t\t<\/div>\n\t\t\t\t\t<\/div>\n\t\t\t\t<\/div>\n\t\t<div class=\"elementor-element elementor-element-0978f42 e-flex e-con-boxed wpr-particle-no wpr-jarallax-no wpr-parallax-no wpr-sticky-section-no e-con e-parent\" data-id=\"0978f42\" data-element_type=\"container\">\n\t\t\t\t\t<div class=\"e-con-inner\">\n\t\t\t\t<div class=\"elementor-element elementor-element-3abbf85 elementor-widget-divider--view-line elementor-widget elementor-widget-divider\" data-id=\"3abbf85\" data-element_type=\"widget\" data-widget_type=\"divider.default\">\n\t\t\t\t<div class=\"elementor-widget-container\">\n\t\t\t\t\t\t\t<div class=\"elementor-divider\">\n\t\t\t<span class=\"elementor-divider-separator\">\n\t\t\t\t\t\t<\/span>\n\t\t<\/div>\n\t\t\t\t\t\t<\/div>\n\t\t\t\t<\/div>\n\t\t\t\t\t<\/div>\n\t\t\t\t<\/div>\n\t\t<div class=\"elementor-element elementor-element-5877ac2 e-grid e-con-boxed wpr-particle-no wpr-jarallax-no wpr-parallax-no wpr-sticky-section-no e-con e-parent\" data-id=\"5877ac2\" data-element_type=\"container\">\n\t\t\t\t\t<div class=\"e-con-inner\">\n\t\t\t\t<div class=\"elementor-element elementor-element-596afef elementor-widget elementor-widget-heading\" data-id=\"596afef\" data-element_type=\"widget\" data-widget_type=\"heading.default\">\n\t\t\t\t<div class=\"elementor-widget-container\">\n\t\t\t\t\t<h3 class=\"elementor-heading-title elementor-size-default\">Inscri\u00e7\u00f5es<\/h3>\t\t\t\t<\/div>\n\t\t\t\t<\/div>\n\t\t\t\t\t<\/div>\n\t\t\t\t<\/div>\n\t\t<div class=\"elementor-element elementor-element-44caba7 e-grid e-con-boxed wpr-particle-no wpr-jarallax-no wpr-parallax-no wpr-sticky-section-no e-con e-parent\" data-id=\"44caba7\" data-element_type=\"container\">\n\t\t\t\t\t<div class=\"e-con-inner\">\n\t\t\t\t\t<\/div>\n\t\t\t\t<\/div>\n\t\t<div class=\"elementor-element elementor-element-fe2bffc e-flex e-con-boxed wpr-particle-no wpr-jarallax-no wpr-parallax-no wpr-sticky-section-no e-con e-parent\" data-id=\"fe2bffc\" data-element_type=\"container\">\n\t\t\t\t\t<div class=\"e-con-inner\">\n\t\t\t\t<div class=\"elementor-element elementor-element-6fcd141 elementor-widget-divider--view-line elementor-widget elementor-widget-divider\" data-id=\"6fcd141\" data-element_type=\"widget\" data-widget_type=\"divider.default\">\n\t\t\t\t<div class=\"elementor-widget-container\">\n\t\t\t\t\t\t\t<div class=\"elementor-divider\">\n\t\t\t<span class=\"elementor-divider-separator\">\n\t\t\t\t\t\t<\/span>\n\t\t<\/div>\n\t\t\t\t\t\t<\/div>\n\t\t\t\t<\/div>\n\t\t\t\t\t<\/div>\n\t\t\t\t<\/div>\n\t\t<div class=\"elementor-element elementor-element-c619abb e-grid e-con-boxed wpr-particle-no wpr-jarallax-no wpr-parallax-no wpr-sticky-section-no e-con e-parent\" data-id=\"c619abb\" data-element_type=\"container\">\n\t\t\t\t\t<div class=\"e-con-inner\">\n\t\t\t\t<div class=\"elementor-element elementor-element-f698905 elementor-widget elementor-widget-heading\" data-id=\"f698905\" data-element_type=\"widget\" data-widget_type=\"heading.default\">\n\t\t\t\t<div class=\"elementor-widget-container\">\n\t\t\t\t\t<h3 class=\"elementor-heading-title elementor-size-default\">Cronograma<\/h3>\t\t\t\t<\/div>\n\t\t\t\t<\/div>\n\t\t\t\t\t<\/div>\n\t\t\t\t<\/div>\n\t\t<div class=\"elementor-element elementor-element-0eb551f e-grid e-con-boxed wpr-particle-no wpr-jarallax-no wpr-parallax-no wpr-sticky-section-no e-con e-parent\" data-id=\"0eb551f\" data-element_type=\"container\">\n\t\t\t\t\t<div class=\"e-con-inner\">\n\t\t\t\t\t<\/div>\n\t\t\t\t<\/div>\n\t\t<div class=\"elementor-element elementor-element-6cfca2c e-flex e-con-boxed wpr-particle-no wpr-jarallax-no wpr-parallax-no wpr-sticky-section-no e-con e-parent\" data-id=\"6cfca2c\" data-element_type=\"container\">\n\t\t\t\t\t<div class=\"e-con-inner\">\n\t\t\t\t<div class=\"elementor-element elementor-element-3068512 elementor-widget-divider--view-line elementor-widget elementor-widget-divider\" data-id=\"3068512\" data-element_type=\"widget\" data-widget_type=\"divider.default\">\n\t\t\t\t<div class=\"elementor-widget-container\">\n\t\t\t\t\t\t\t<div class=\"elementor-divider\">\n\t\t\t<span class=\"elementor-divider-separator\">\n\t\t\t\t\t\t<\/span>\n\t\t<\/div>\n\t\t\t\t\t\t<\/div>\n\t\t\t\t<\/div>\n\t\t\t\t\t<\/div>\n\t\t\t\t<\/div>\n\t\t<div class=\"elementor-element elementor-element-f103282 e-grid e-con-boxed wpr-particle-no wpr-jarallax-no wpr-parallax-no wpr-sticky-section-no e-con e-parent\" data-id=\"f103282\" data-element_type=\"container\">\n\t\t\t\t\t<div class=\"e-con-inner\">\n\t\t\t\t<div class=\"elementor-element elementor-element-ba0c8cc elementor-widget elementor-widget-heading\" data-id=\"ba0c8cc\" data-element_type=\"widget\" data-widget_type=\"heading.default\">\n\t\t\t\t<div class=\"elementor-widget-container\">\n\t\t\t\t\t<h3 class=\"elementor-heading-title elementor-size-default\">Parceiros confirmados<\/h3>\t\t\t\t<\/div>\n\t\t\t\t<\/div>\n\t\t\t\t\t<\/div>\n\t\t\t\t<\/div>\n\t\t<div class=\"elementor-element elementor-element-6c7cb4f e-grid e-con-boxed wpr-particle-no wpr-jarallax-no wpr-parallax-no wpr-sticky-section-no e-con e-parent\" data-id=\"6c7cb4f\" data-element_type=\"container\">\n\t\t\t\t\t<div class=\"e-con-inner\">\n\t\t\t\t\t<\/div>\n\t\t\t\t<\/div>\n\t\t<div class=\"elementor-element elementor-element-c182c85 e-flex e-con-boxed wpr-particle-no wpr-jarallax-no wpr-parallax-no wpr-sticky-section-no e-con e-parent\" data-id=\"c182c85\" data-element_type=\"container\">\n\t\t\t\t\t<div class=\"e-con-inner\">\n\t\t\t\t<div class=\"elementor-element elementor-element-3250b53 elementor-widget-divider--view-line elementor-widget elementor-widget-divider\" data-id=\"3250b53\" data-element_type=\"widget\" data-widget_type=\"divider.default\">\n\t\t\t\t<div class=\"elementor-widget-container\">\n\t\t\t\t\t\t\t<div class=\"elementor-divider\">\n\t\t\t<span class=\"elementor-divider-separator\">\n\t\t\t\t\t\t<\/span>\n\t\t<\/div>\n\t\t\t\t\t\t<\/div>\n\t\t\t\t<\/div>\n\t\t\t\t\t<\/div>\n\t\t\t\t<\/div>\n\t\t<div class=\"elementor-element elementor-element-83fc314 e-grid e-con-boxed wpr-particle-no wpr-jarallax-no wpr-parallax-no wpr-sticky-section-no e-con e-parent\" data-id=\"83fc314\" data-element_type=\"container\">\n\t\t\t\t\t<div class=\"e-con-inner\">\n\t\t\t\t<div class=\"elementor-element elementor-element-f1af07d elementor-widget elementor-widget-heading\" data-id=\"f1af07d\" data-element_type=\"widget\" data-widget_type=\"heading.default\">\n\t\t\t\t<div class=\"elementor-widget-container\">\n\t\t\t\t\t<h3 class=\"elementor-heading-title elementor-size-default\">Comiss\u00e3o organizadora<\/h3>\t\t\t\t<\/div>\n\t\t\t\t<\/div>\n\t\t\t\t\t<\/div>\n\t\t\t\t<\/div>\n\t\t<div class=\"elementor-element elementor-element-cc1b426 e-grid e-con-boxed wpr-particle-no wpr-jarallax-no wpr-parallax-no wpr-sticky-section-no e-con e-parent\" data-id=\"cc1b426\" data-element_type=\"container\">\n\t\t\t\t\t<div class=\"e-con-inner\">\n\t\t\t\t\t<\/div>\n\t\t\t\t<\/div>\n\t\t<div class=\"elementor-element elementor-element-15d2d35 e-flex e-con-boxed wpr-particle-no wpr-jarallax-no wpr-parallax-no wpr-sticky-section-no e-con e-parent\" data-id=\"15d2d35\" data-element_type=\"container\">\n\t\t\t\t\t<div class=\"e-con-inner\">\n\t\t\t\t<div class=\"elementor-element elementor-element-eb6a5a1 elementor-widget-divider--view-line elementor-widget elementor-widget-divider\" data-id=\"eb6a5a1\" data-element_type=\"widget\" data-widget_type=\"divider.default\">\n\t\t\t\t<div class=\"elementor-widget-container\">\n\t\t\t\t\t\t\t<div class=\"elementor-divider\">\n\t\t\t<span class=\"elementor-divider-separator\">\n\t\t\t\t\t\t<\/span>\n\t\t<\/div>\n\t\t\t\t\t\t<\/div>\n\t\t\t\t<\/div>\n\t\t\t\t\t<\/div>\n\t\t\t\t<\/div>\n\t\t\t\t<\/div>\n\t\t","protected":false},"excerpt":{"rendered":"<p>Atividades da semana Palestras: As palestras t\u00eam como objetivo aproximar os estudantes das diversas \u00e1reas de atua\u00e7\u00e3o da Matem\u00e1tica Aplicada e Computacional. Por meio da participa\u00e7\u00e3o de profissionais, pesquisadores e professores, buscamos proporcionar momentos de troca de conhecimento, experi\u00eancias e perspectivas sobre o mercado de trabalho, pesquisa e inova\u00e7\u00e3o. Minicursos: Os minicursos oferecem aos participantes a oportunidade de aprofundar conhecimentos em diferentes temas da Matem\u00e1tica Aplicada e Computacional, por meio de atividades pr\u00e1ticas e introdut\u00f3rias. Buscam estimular o aprendizado, a troca de experi\u00eancias e o contato com ferramentas e \u00e1reas de atua\u00e7\u00e3o presentes no meio acad\u00eamico e profissional. Mesas-Redondas: As mesas redondas promovem um espa\u00e7o de di\u00e1logo e troca de experi\u00eancias entre convidados de diferentes \u00e1reas. As atividades buscam incentivar discuss\u00f5es sobre trajet\u00f3rias acad\u00eamicas, mercado de trabalho, pesquisa e os desafios encontrados ao longo da forma\u00e7\u00e3o e atua\u00e7\u00e3o profissional. \u00a0 Visitas T\u00e9cnicas: As visitas t\u00e9cnicas proporcionam aos participantes a oportunidade de conhecer ambientes profissionais e institui\u00e7\u00f5es que utilizam a Matem\u00e1tica Aplicada e Computacional em suas atividades. A proposta busca aproximar os estudantes da pr\u00e1tica profissional. Inscri\u00e7\u00f5es Cronograma Parceiros confirmados Comiss\u00e3o organizadora<\/p>\n","protected":false},"author":4,"featured_media":0,"parent":0,"menu_order":0,"comment_status":"closed","ping_status":"closed","template":"","meta":{"footnotes":""},"class_list":["post-2333","page","type-page","status-publish","hentry"],"yoast_head":"<!-- This site is optimized with the Yoast SEO plugin v25.2 - https:\/\/yoast.com\/wordpress\/plugins\/seo\/ -->\n<title>2026 - SEMAP<\/title>\n<meta name=\"robots\" content=\"index, follow, max-snippet:-1, max-image-preview:large, max-video-preview:-1\" \/>\n<link rel=\"canonical\" href=\"https:\/\/www.ime.unicamp.br\/~semap\/index.php\/2026-2\/\" \/>\n<meta property=\"og:locale\" content=\"pt_BR\" \/>\n<meta property=\"og:type\" content=\"article\" \/>\n<meta property=\"og:title\" content=\"2026 - SEMAP\" \/>\n<meta property=\"og:description\" content=\"Atividades da semana Palestras: As palestras t\u00eam como objetivo aproximar os estudantes das diversas \u00e1reas de atua\u00e7\u00e3o da Matem\u00e1tica Aplicada e Computacional. Por meio da participa\u00e7\u00e3o de profissionais, pesquisadores e professores, buscamos proporcionar momentos de troca de conhecimento, experi\u00eancias e perspectivas sobre o mercado de trabalho, pesquisa e inova\u00e7\u00e3o. Minicursos: Os minicursos oferecem aos participantes a oportunidade de aprofundar conhecimentos em diferentes temas da Matem\u00e1tica Aplicada e Computacional, por meio de atividades pr\u00e1ticas e introdut\u00f3rias. Buscam estimular o aprendizado, a troca de experi\u00eancias e o contato com ferramentas e \u00e1reas de atua\u00e7\u00e3o presentes no meio acad\u00eamico e profissional. Mesas-Redondas: As mesas redondas promovem um espa\u00e7o de di\u00e1logo e troca de experi\u00eancias entre convidados de diferentes \u00e1reas. As atividades buscam incentivar discuss\u00f5es sobre trajet\u00f3rias acad\u00eamicas, mercado de trabalho, pesquisa e os desafios encontrados ao longo da forma\u00e7\u00e3o e atua\u00e7\u00e3o profissional. \u00a0 Visitas T\u00e9cnicas: As visitas t\u00e9cnicas proporcionam aos participantes a oportunidade de conhecer ambientes profissionais e institui\u00e7\u00f5es que utilizam a Matem\u00e1tica Aplicada e Computacional em suas atividades. A proposta busca aproximar os estudantes da pr\u00e1tica profissional. Inscri\u00e7\u00f5es Cronograma Parceiros confirmados Comiss\u00e3o organizadora\" \/>\n<meta property=\"og:url\" content=\"https:\/\/www.ime.unicamp.br\/~semap\/index.php\/2026-2\/\" \/>\n<meta property=\"og:site_name\" content=\"SEMAP\" \/>\n<meta property=\"article:modified_time\" content=\"2026-05-08T20:10:41+00:00\" \/>\n<meta name=\"twitter:card\" content=\"summary_large_image\" \/>\n<meta name=\"twitter:label1\" content=\"Est. tempo de leitura\" \/>\n\t<meta name=\"twitter:data1\" content=\"1 minuto\" \/>\n<script type=\"application\/ld+json\" class=\"yoast-schema-graph\">{\"@context\":\"https:\/\/schema.org\",\"@graph\":[{\"@type\":\"WebPage\",\"@id\":\"https:\/\/www.ime.unicamp.br\/~semap\/index.php\/2026-2\/\",\"url\":\"https:\/\/www.ime.unicamp.br\/~semap\/index.php\/2026-2\/\",\"name\":\"2026 - SEMAP\",\"isPartOf\":{\"@id\":\"http:\/\/www.ime.unicamp.br\/~semap\/#website\"},\"datePublished\":\"2026-05-08T19:39:46+00:00\",\"dateModified\":\"2026-05-08T20:10:41+00:00\",\"breadcrumb\":{\"@id\":\"https:\/\/www.ime.unicamp.br\/~semap\/index.php\/2026-2\/#breadcrumb\"},\"inLanguage\":\"pt-BR\",\"potentialAction\":[{\"@type\":\"ReadAction\",\"target\":[\"https:\/\/www.ime.unicamp.br\/~semap\/index.php\/2026-2\/\"]}]},{\"@type\":\"BreadcrumbList\",\"@id\":\"https:\/\/www.ime.unicamp.br\/~semap\/index.php\/2026-2\/#breadcrumb\",\"itemListElement\":[{\"@type\":\"ListItem\",\"position\":1,\"name\":\"In\u00edcio\",\"item\":\"https:\/\/www.ime.unicamp.br\/~semap\/\"},{\"@type\":\"ListItem\",\"position\":2,\"name\":\"2026\"}]},{\"@type\":\"WebSite\",\"@id\":\"http:\/\/www.ime.unicamp.br\/~semap\/#website\",\"url\":\"http:\/\/www.ime.unicamp.br\/~semap\/\",\"name\":\"SEMAP\",\"description\":\"Semana da Matem\u00e1tica Aplicada\",\"potentialAction\":[{\"@type\":\"SearchAction\",\"target\":{\"@type\":\"EntryPoint\",\"urlTemplate\":\"http:\/\/www.ime.unicamp.br\/~semap\/?s={search_term_string}\"},\"query-input\":{\"@type\":\"PropertyValueSpecification\",\"valueRequired\":true,\"valueName\":\"search_term_string\"}}],\"inLanguage\":\"pt-BR\"}]}<\/script>\n<!-- \/ Yoast SEO plugin. -->","yoast_head_json":{"title":"2026 - SEMAP","robots":{"index":"index","follow":"follow","max-snippet":"max-snippet:-1","max-image-preview":"max-image-preview:large","max-video-preview":"max-video-preview:-1"},"canonical":"https:\/\/www.ime.unicamp.br\/~semap\/index.php\/2026-2\/","og_locale":"pt_BR","og_type":"article","og_title":"2026 - SEMAP","og_description":"Atividades da semana Palestras: As palestras t\u00eam como objetivo aproximar os estudantes das diversas \u00e1reas de atua\u00e7\u00e3o da Matem\u00e1tica Aplicada e Computacional. Por meio da participa\u00e7\u00e3o de profissionais, pesquisadores e professores, buscamos proporcionar momentos de troca de conhecimento, experi\u00eancias e perspectivas sobre o mercado de trabalho, pesquisa e inova\u00e7\u00e3o. Minicursos: Os minicursos oferecem aos participantes a oportunidade de aprofundar conhecimentos em diferentes temas da Matem\u00e1tica Aplicada e Computacional, por meio de atividades pr\u00e1ticas e introdut\u00f3rias. Buscam estimular o aprendizado, a troca de experi\u00eancias e o contato com ferramentas e \u00e1reas de atua\u00e7\u00e3o presentes no meio acad\u00eamico e profissional. Mesas-Redondas: As mesas redondas promovem um espa\u00e7o de di\u00e1logo e troca de experi\u00eancias entre convidados de diferentes \u00e1reas. As atividades buscam incentivar discuss\u00f5es sobre trajet\u00f3rias acad\u00eamicas, mercado de trabalho, pesquisa e os desafios encontrados ao longo da forma\u00e7\u00e3o e atua\u00e7\u00e3o profissional. \u00a0 Visitas T\u00e9cnicas: As visitas t\u00e9cnicas proporcionam aos participantes a oportunidade de conhecer ambientes profissionais e institui\u00e7\u00f5es que utilizam a Matem\u00e1tica Aplicada e Computacional em suas atividades. A proposta busca aproximar os estudantes da pr\u00e1tica profissional. Inscri\u00e7\u00f5es Cronograma Parceiros confirmados Comiss\u00e3o organizadora","og_url":"https:\/\/www.ime.unicamp.br\/~semap\/index.php\/2026-2\/","og_site_name":"SEMAP","article_modified_time":"2026-05-08T20:10:41+00:00","twitter_card":"summary_large_image","twitter_misc":{"Est. tempo de leitura":"1 minuto"},"schema":{"@context":"https:\/\/schema.org","@graph":[{"@type":"WebPage","@id":"https:\/\/www.ime.unicamp.br\/~semap\/index.php\/2026-2\/","url":"https:\/\/www.ime.unicamp.br\/~semap\/index.php\/2026-2\/","name":"2026 - SEMAP","isPartOf":{"@id":"http:\/\/www.ime.unicamp.br\/~semap\/#website"},"datePublished":"2026-05-08T19:39:46+00:00","dateModified":"2026-05-08T20:10:41+00:00","breadcrumb":{"@id":"https:\/\/www.ime.unicamp.br\/~semap\/index.php\/2026-2\/#breadcrumb"},"inLanguage":"pt-BR","potentialAction":[{"@type":"ReadAction","target":["https:\/\/www.ime.unicamp.br\/~semap\/index.php\/2026-2\/"]}]},{"@type":"BreadcrumbList","@id":"https:\/\/www.ime.unicamp.br\/~semap\/index.php\/2026-2\/#breadcrumb","itemListElement":[{"@type":"ListItem","position":1,"name":"In\u00edcio","item":"https:\/\/www.ime.unicamp.br\/~semap\/"},{"@type":"ListItem","position":2,"name":"2026"}]},{"@type":"WebSite","@id":"http:\/\/www.ime.unicamp.br\/~semap\/#website","url":"http:\/\/www.ime.unicamp.br\/~semap\/","name":"SEMAP","description":"Semana da Matem\u00e1tica Aplicada","potentialAction":[{"@type":"SearchAction","target":{"@type":"EntryPoint","urlTemplate":"http:\/\/www.ime.unicamp.br\/~semap\/?s={search_term_string}"},"query-input":{"@type":"PropertyValueSpecification","valueRequired":true,"valueName":"search_term_string"}}],"inLanguage":"pt-BR"}]}},"_links":{"self":[{"href":"https:\/\/www.ime.unicamp.br\/~semap\/index.php\/wp-json\/wp\/v2\/pages\/2333","targetHints":{"allow":["GET"]}}],"collection":[{"href":"https:\/\/www.ime.unicamp.br\/~semap\/index.php\/wp-json\/wp\/v2\/pages"}],"about":[{"href":"https:\/\/www.ime.unicamp.br\/~semap\/index.php\/wp-json\/wp\/v2\/types\/page"}],"author":[{"embeddable":true,"href":"https:\/\/www.ime.unicamp.br\/~semap\/index.php\/wp-json\/wp\/v2\/users\/4"}],"replies":[{"embeddable":true,"href":"https:\/\/www.ime.unicamp.br\/~semap\/index.php\/wp-json\/wp\/v2\/comments?post=2333"}],"version-history":[{"count":4,"href":"https:\/\/www.ime.unicamp.br\/~semap\/index.php\/wp-json\/wp\/v2\/pages\/2333\/revisions"}],"predecessor-version":[{"id":2341,"href":"https:\/\/www.ime.unicamp.br\/~semap\/index.php\/wp-json\/wp\/v2\/pages\/2333\/revisions\/2341"}],"wp:attachment":[{"href":"https:\/\/www.ime.unicamp.br\/~semap\/index.php\/wp-json\/wp\/v2\/media?parent=2333"}],"curies":[{"name":"wp","href":"https:\/\/api.w.org\/{rel}","templated":true}]}}