{"id":66,"date":"2018-10-21T20:07:54","date_gmt":"2018-10-21T22:07:54","guid":{"rendered":"http:\/\/www.ime.unicamp.br\/~grupoelza\/?page_id=66"},"modified":"2026-02-24T12:46:03","modified_gmt":"2026-02-24T15:46:03","slug":"integrantes","status":"publish","type":"page","link":"https:\/\/www.ime.unicamp.br\/~grupoelza\/integrantes\/","title":{"rendered":"Integrantes"},"content":{"rendered":"<div dir=\"auto\"><\/div>\n<div dir=\"auto\"><\/div>\n<div dir=\"auto\">Sheila Alexandra Mandaio Nascimento &#8211; funcion\u00e1ria da Se\u00e7\u00e3o de Materiais e Patrim\u00f4nio<\/div>\n<div dir=\"auto\">Tatiana Benaglia &#8211; professora do Departamento de Estat\u00edstica<\/div>\n<p><strong>Bolsista BAS<br \/>\n<\/strong>Josiane Ires de Paula &#8211; aluna de Licenciatura em Matem\u00e1tica<br \/>\nLaura Rifo &#8211; professora do Departamento de Matem\u00e1tica<br \/>\nMariana Silva &#8211; aluna da Licenciatura em Matem\u00e1tica<br \/>\nWayne Pereira Da Silva &#8211; aluna de Bacharelado em Matem\u00e1tica Aplicada<\/p>\n<hr \/>\n<h5>Gostar\u00edamos de agradecer \u00e0s ex-integrantes e ex-bolsistas do Grupo Elza, que muito contribu\u00edram na cria\u00e7\u00e3o e manuten\u00e7\u00e3o das atividades do grupo.<\/h5>\n<h5>Ex-Bolsistas BAS<\/h5>\n<p>Beatriz Bachani Rosa &#8211; aluna da Licenciatura e Bacharelado em F\u00edsica<br \/>\nJulia Felix De Oliveira &#8211; Bacharelado em Estat\u00edstica<\/p>\n<p><strong>Ex-Integrantes<\/strong><\/p>\n<p>Anne Bronzi &#8211; professora do Departamento de Matem\u00e1tica<br \/>\nAriane Zanoni &#8211; funcion\u00e1ria da se\u00e7\u00e3o de Recursos Humanos<br \/>\nBeatriz Akiria de Assis Quaresma &#8211; aluna de Mestrado em Matem\u00e1tica Aplicada<br \/>\nBeatriz Nascimento &#8211; funcion\u00e1ria da se\u00e7\u00e3o de Finan\u00e7as<br \/>\nBianca Barbosa Schorles &#8211; aluna de Bacharelado em Estat\u00edstica<br \/>\nCarolina Tae Ishii Hara &#8211; aluna de Bacharelado em Estat\u00edstica<br \/>\nFernanda Schumacher &#8211; aluna de Doutorado em Estat\u00edstica<br \/>\nGiane Casari Rampasso &#8211; p\u00f3s-doutoranda em Matem\u00e1tica<br \/>\nGiovanna Machado Flores &#8211; aluna de Bacharelado em Estat\u00edstica<br \/>\nHelena Guimar\u00e3es\u00a0&#8211; aluna de Bacharelado em Estat\u00edstica<br \/>\nIsadora Ferreira Tessler &#8211; aluna de Bacharelado em Estat\u00edstica<br \/>\nJoyce Sim\u00e3o Cl\u00edmaco &#8211; aluna de Mestrado em Matem\u00e1tica Aplicada<br \/>\nJ\u00falia de Queiroz &#8211; aluna de Licenciatura em Matem\u00e1tica<br \/>\nKarina Gon\u00e7alves Milhomem &#8211;\u00a0aluna de Bacharelado em Matem\u00e1tica<br \/>\nKetlyn Lima &#8211; aluna de Licenciatura em Matem\u00e1tica<br \/>\nKeyliane Travassos Almeida da Silva &#8211; aluna de Mestrado em Estat\u00edstica<br \/>\nLarissa Avila Matos &#8211; professora do Departamento de Estat\u00edstica<br \/>\nLaura Estivalez &#8211; aluna de Mestrado em Matem\u00e1tica<br \/>\nLuciana Ortega &#8211; funcion\u00e1ria da se\u00e7\u00e3o de\u00a0Apoio \u00e0 Extens\u00e3o<br \/>\nMarcielis Espitia Noriega &#8211; aluna de Doutorado em Matem\u00e1tica<br \/>\nMariana Motta &#8211; professora do Departamento de Estat\u00edstica<br \/>\nSara D\u00edaz Cardell &#8211; p\u00f3s-doutoranda em Matem\u00e1tica<br \/>\nSara Nascimento &#8211; funcion\u00e1ria da Biblioteca<\/p>\n<div dir=\"auto\">Cecilia Fonseca Fiorini &#8211; aluna de Bacharelado em Estat\u00edstica<\/div>\n<div dir=\"auto\">Giovana Falsarela Mantovani &#8211; aluna de Licenciatura em Matem\u00e1tica<\/div>\n<div dir=\"auto\">Josiane Ires de Paula &#8211; aluna de Licenciatura em Matem\u00e1tica<\/div>\n<div dir=\"auto\">Qu\u00e9zia Cristiane de Oliveira Maia Carvalho &#8211; aluna de Doutorado em Matem\u00e1tica Aplicada<\/div>\n","protected":false},"excerpt":{"rendered":"<p>Sheila Alexandra Mandaio Nascimento &#8211; funcion\u00e1ria da Se\u00e7\u00e3o de Materiais e Patrim\u00f4nio Tatiana Benaglia &#8211; professora do Departamento de Estat\u00edstica<\/p>\n","protected":false},"author":1,"featured_media":0,"parent":0,"menu_order":0,"comment_status":"closed","ping_status":"closed","template":"","meta":{"footnotes":""},"class_list":["post-66","page","type-page","status-publish","hentry","comments-off"],"aioseo_notices":[],"_links":{"self":[{"href":"https:\/\/www.ime.unicamp.br\/~grupoelza\/wp-json\/wp\/v2\/pages\/66","targetHints":{"allow":["GET"]}}],"collection":[{"href":"https:\/\/www.ime.unicamp.br\/~grupoelza\/wp-json\/wp\/v2\/pages"}],"about":[{"href":"https:\/\/www.ime.unicamp.br\/~grupoelza\/wp-json\/wp\/v2\/types\/page"}],"author":[{"embeddable":true,"href":"https:\/\/www.ime.unicamp.br\/~grupoelza\/wp-json\/wp\/v2\/users\/1"}],"replies":[{"embeddable":true,"href":"https:\/\/www.ime.unicamp.br\/~grupoelza\/wp-json\/wp\/v2\/comments?post=66"}],"version-history":[{"count":1,"href":"https:\/\/www.ime.unicamp.br\/~grupoelza\/wp-json\/wp\/v2\/pages\/66\/revisions"}],"predecessor-version":[{"id":1048,"href":"https:\/\/www.ime.unicamp.br\/~grupoelza\/wp-json\/wp\/v2\/pages\/66\/revisions\/1048"}],"wp:attachment":[{"href":"https:\/\/www.ime.unicamp.br\/~grupoelza\/wp-json\/wp\/v2\/media?parent=66"}],"curies":[{"name":"wp","href":"https:\/\/api.w.org\/{rel}","templated":true}]}}