{"id":18,"date":"2019-10-11T14:21:27","date_gmt":"2019-10-11T17:21:27","guid":{"rendered":"https:\/\/www.ime.unicamp.br\/~gplanas\/?page_id=18"},"modified":"2025-09-09T17:36:03","modified_gmt":"2025-09-09T20:36:03","slug":"students","status":"publish","type":"page","link":"https:\/\/www.ime.unicamp.br\/~gplanas\/students\/","title":{"rendered":"Students &#038; Pos-docs"},"content":{"rendered":"\n<p><strong>Postdocs<\/strong><\/p>\n\n\n\n<ul class=\"wp-block-list\">\n<li>Crystianne Lilian de Andrade (2025- ). Funding: Fapesp<\/li>\n\n\n\n<li>Juliana Honda Lopes &#8211; (2021-2022). Funding: Fapesp<\/li>\n\n\n\n<li>Leonardo Roque Kosloff &#8211; (2017-2021). Funding: Fapesp<\/li>\n\n\n\n<li>Ariane Piovezan Entringer &#8211; (2017-2018)<\/li>\n\n\n\n<li>Paulo Mendes de Carvalho Neto &#8211; (2013-2015). Funding: Fapesp<\/li>\n<\/ul>\n\n\n\n<p><strong>PhD Students<\/strong><\/p>\n\n\n\n<ul class=\"wp-block-list\">\n<li>Tenilson Neves Silva &#8211; A definir. (2023- ). Funding: Capes<\/li>\n\n\n\n<li>Robson Carlos de Moura Junior &#8211; A definir. (2023- ). Funding: Capes<\/li>\n\n\n\n<li>Daniel Moraes Barbosa &#8211; <em>Global solutions of chemotaxis fluid models with potential rate<\/em>. (2025). Funding: CNPq<\/li>\n\n\n\n<li>Heraclio Ledgar L\u00f3pez L\u00e1zaro &#8211; <em>Asymptotic Analysis to non-Autonomous Systems of Incompressible non-Newtonian Fluids<\/em> (2020). Funding: Capes and CNPq<\/li>\n\n\n\n<li>Andr\u00e9 Ferreira e Pereira &#8211;&nbsp;<em>Estudo de Boa Coloca\u00e7\u00e3o para Modelos Isot\u00e9rmicos de Campo de Fase Envolvendo Fluidos Multif\u00e1sicos<\/em>&nbsp;(2019). Funding: Capes<\/li>\n\n\n\n<li>Cristyan Chayenne Valino Pinheiro &#8211;&nbsp;<em>An\u00e1lise Matem\u00e1tica da Intera\u00e7\u00e3o entre um Fluido e um Spray&nbsp;<\/em>(2017). Funding: Capes and CNPq<\/li>\n\n\n\n<li>Juliana Honda Lopes &#8211;&nbsp;<em>Modelo de campo de fase n\u00e3o-isot\u00e9rmico para dois fluidos incompress\u00edveis: boa coloca\u00e7\u00e3o com viscosidade e condutividade t\u00e9rmica constantes e termo-induzidas&nbsp;<\/em>(2017). Funding: Capes and CNPq<\/li>\n\n\n\n<li>Lu\u00eds Henrique de Miranda &#8211;&nbsp;<em>Sistemas parab\u00f3licos singulares e o fen\u00f4meno da solidifica\u00e7\u00e3o irrevers\u00edvel&nbsp;<\/em>(2011) (Co-advisor). Funding: Capes and CNPq<\/li>\n\n\n\n<li>Sandro Marcos Guzzo &#8211;&nbsp;<em>Estudo de equa\u00e7\u00f5es do tipo Navier-Stokes com retardo<\/em>&nbsp;(2009) (Co-advisor). Funding: Capes<\/li>\n<\/ul>\n\n\n\n<p><strong>Master Students<\/strong><\/p>\n\n\n\n<ul class=\"wp-block-list\">\n<li>Tenilson Neves Silva &#8211; <em>An\u00e1lise Matem\u00e1tica de um Modelo de Dois Fluidos com Viscosidade Constante<\/em> (2023). Funding: CNPq<\/li>\n\n\n\n<li>Robson Carlos de Moura Junior &#8211; <em>Unicidade Fraca-Forte para o Sistema de Navier-Stokes Compress\u00edvel<\/em> (2022).<\/li>\n\n\n\n<li>Jos\u00e9 Vitor Pena &#8211;&nbsp;<em>Limite Inv\u00edscido de Solu\u00e7\u00f5es Fracas das Equa\u00e7\u00f5es de Navier-Stokes<\/em>&nbsp;(2016). Funding: CNPq<\/li>\n\n\n\n<li>Andr\u00e9 Ferreira e Pereira &#8211;&nbsp;<em>An\u00e1lise Matem\u00e1tica de um Modelo de Campo de Fase para um Processo de Solidifica\u00e7\u00e3o de uma Liga Bin\u00e1ria<\/em>&nbsp;(2013). Funding: Capes and CNPq<\/li>\n\n\n\n<li>Paulo Mendes de Carvalho Neto &#8211;&nbsp;<em>Equa\u00e7\u00f5es de Navier-Stokes com Condi\u00e7\u00f5es de Fronteira Tipo Navier de Fric\u00e7\u00e3o<\/em>&nbsp;(2009). Funding: CNPq<\/li>\n<\/ul>\n\n\n\n<p><strong>Undergraduate Students<\/strong><\/p>\n\n\n\n<ul class=\"wp-block-list\">\n<li>Allan Ribeiro da Silva &#8211;<em> Tr\u00eas gigantes das equa\u00e7\u00f5es diferenciais parciais<\/em> (2025- ). Funding: DEAPE &#8211; Unicamp<\/li>\n\n\n\n<li>Allan Ribeiro da Silva &#8211; <em>Uma introdu\u00e7\u00e3o matem\u00e1tica \u00e0 din\u00e2mica dos fluidos<\/em> (2025). Funding: CNPq<\/li>\n\n\n\n<li>Thiago Henrique De Nadai &#8211;<em> Introdu\u00e7\u00e3o \u00e0s equa\u00e7\u00f5es diferenciais parciais<\/em> (2024). Funding: Fapesp <\/li>\n\n\n\n<li>Artur Jos\u00e9 Batista De Castro &#8211; <em>Tr\u00eas equa\u00e7\u00f5es diferenciais parciais cl\u00e1ssicas<\/em> (2022). Funding: CNPq <\/li>\n\n\n\n<li>Chen Jia Min &#8211;<em> S\u00e9ries de Fourier e aplica\u00e7\u00f5es<\/em> (2021). Funding: CNPq <\/li>\n\n\n\n<li>Jos\u00e9 Vitor Pena &#8211;&nbsp;<em>Aspectos matem\u00e1ticos de escoamentos ideais e viscosos<\/em>&nbsp; (2013). Funding: Fapesp<\/li>\n\n\n\n<li>Yuri Tobias Aquiel Correa Ramos &#8211;&nbsp;<em>Uma introdu\u00e7\u00e3o \u00e0 modelagem com equa\u00e7\u00f5es diferenciais<\/em>&nbsp;(2013). Funding: CNPq<\/li>\n\n\n\n<li>Thiago Sonnewend Diniz Ferreira &#8211;&nbsp;<em>Estudo do problema do fluxo de tr\u00e1fego<\/em>&nbsp;(2011). Funding: CNPq<\/li>\n\n\n\n<li>Faister Cabrera Carvalho &#8211;&nbsp;<em>Resolu\u00e7\u00e3o de Equa\u00e7\u00f5es Diferenciais: uma abordagem te\u00f3rica e computacional<\/em>&nbsp;(2011). Funding: CNPq<\/li>\n\n\n\n<li>Thiago Sonnewend Diniz Ferreira &#8211;&nbsp;<em>Modelagem e an\u00e1lise matem\u00e1tica de vibra\u00e7\u00f5es mec\u00e2nicas<\/em>&nbsp;(2010). Funding: CNPq<\/li>\n\n\n\n<li>Marcelo Sousa Chaves Martins &#8211;&nbsp;<em>O problema de Sturm-Liouville e aplica\u00e7\u00f5es<\/em>&nbsp;(2009). Funding: Fapesp<\/li>\n\n\n\n<li>Rodrigo Luiz Gigante &#8211;&nbsp;<em>Equa\u00e7\u00f5es Diferenciais Ordin\u00e1rias com aplica\u00e7\u00f5es \u00e0 Biologia<\/em>&nbsp;(2005). Funding: CNPq<\/li>\n<\/ul>\n","protected":false},"excerpt":{"rendered":"<p>Postdocs PhD Students Master Students Undergraduate Students<\/p>\n","protected":false},"author":1,"featured_media":0,"parent":0,"menu_order":0,"comment_status":"closed","ping_status":"closed","template":"","meta":{"kt_blocks_editor_width":"","footnotes":""},"class_list":["post-18","page","type-page","status-publish","hentry"],"_links":{"self":[{"href":"https:\/\/www.ime.unicamp.br\/~gplanas\/wp-json\/wp\/v2\/pages\/18","targetHints":{"allow":["GET"]}}],"collection":[{"href":"https:\/\/www.ime.unicamp.br\/~gplanas\/wp-json\/wp\/v2\/pages"}],"about":[{"href":"https:\/\/www.ime.unicamp.br\/~gplanas\/wp-json\/wp\/v2\/types\/page"}],"author":[{"embeddable":true,"href":"https:\/\/www.ime.unicamp.br\/~gplanas\/wp-json\/wp\/v2\/users\/1"}],"replies":[{"embeddable":true,"href":"https:\/\/www.ime.unicamp.br\/~gplanas\/wp-json\/wp\/v2\/comments?post=18"}],"version-history":[{"count":29,"href":"https:\/\/www.ime.unicamp.br\/~gplanas\/wp-json\/wp\/v2\/pages\/18\/revisions"}],"predecessor-version":[{"id":451,"href":"https:\/\/www.ime.unicamp.br\/~gplanas\/wp-json\/wp\/v2\/pages\/18\/revisions\/451"}],"wp:attachment":[{"href":"https:\/\/www.ime.unicamp.br\/~gplanas\/wp-json\/wp\/v2\/media?parent=18"}],"curies":[{"name":"wp","href":"https:\/\/api.w.org\/{rel}","templated":true}]}}