{"id":33,"date":"2015-12-01T01:56:11","date_gmt":"2015-12-01T01:56:11","guid":{"rendered":"http:\/\/www.ime.unicamp.br\/~ddnovaes\/?page_id=33"},"modified":"2022-10-25T20:04:12","modified_gmt":"2022-10-25T20:04:12","slug":"links","status":"publish","type":"page","link":"https:\/\/www.ime.unicamp.br\/~ddnovaes\/index.php\/links\/","title":{"rendered":"Links"},"content":{"rendered":"<div id=\"thumbnail-container\"><article class=\"thumbnail-layout lptw-columns-fixed\" style=\"width: 300px; padding-right: 10px; padding-bottom: 10px; clear: left; \">\n<header class=\"lptw-post-header\">\n<div class=\"lptw-thumbnail-image\"><a class=\"lptw-thumbnail-link\" href=\"https:\/\/www.ime.unicamp.br\/~ddnovaes\/index.php\/2021\/08\/18\/smale-horseshoe-by-prof-ghrist-math\/\" target=\"_self\"><img src=\"https:\/\/www.ime.unicamp.br\/~ddnovaes\/wp-content\/uploads\/2021\/08\/smale-150x150.png\" width=\"100\" height=\"100\" alt=\"Smale Horseshoe by Prof Ghrist Math\" \/><\/a>\n<\/div><div class=\"lptw-thumbnail-title\"><a class=\"lptw-post-title\" href=\"https:\/\/www.ime.unicamp.br\/~ddnovaes\/index.php\/2021\/08\/18\/smale-horseshoe-by-prof-ghrist-math\/\" target=\"_self\">Smale Horseshoe by Prof Ghrist Math<\/a>\n<\/div>\n<\/header><\/article>\n<article class=\"thumbnail-layout lptw-columns-fixed\" style=\"width: 300px; padding-bottom: 10px; \">\n<header class=\"lptw-post-header\">\n<div class=\"lptw-thumbnail-image\"><a class=\"lptw-thumbnail-link\" href=\"https:\/\/www.ime.unicamp.br\/~ddnovaes\/index.php\/2021\/06\/16\/mas-voce-so-estuda\/\" target=\"_self\"><img src=\"https:\/\/www.ime.unicamp.br\/~ddnovaes\/wp-content\/uploads\/2021\/06\/soestuda-150x150.png\" width=\"100\" height=\"100\" alt=\"Mas voc\u00ea s\u00f3 estuda?\" \/><\/a>\n<\/div><div class=\"lptw-thumbnail-title\"><a class=\"lptw-post-title\" href=\"https:\/\/www.ime.unicamp.br\/~ddnovaes\/index.php\/2021\/06\/16\/mas-voce-so-estuda\/\" target=\"_self\">Mas voc\u00ea s\u00f3 estuda?<\/a><span class=\"lptw-post-subtitle\">V\u00eddeos dedicados a temas acad\u00eamicos.<\/span>\n<\/div>\n<\/header><\/article>\n<article class=\"thumbnail-layout lptw-columns-fixed\" style=\"width: 300px; padding-right: 10px; padding-bottom: 10px; clear: left; \">\n<header class=\"lptw-post-header\">\n<div class=\"lptw-thumbnail-image\"><a class=\"lptw-thumbnail-link\" href=\"https:\/\/www.ime.unicamp.br\/~ddnovaes\/index.php\/2019\/11\/23\/fantastico-mundo-matematico\/\" target=\"_self\"><img src=\"https:\/\/www.ime.unicamp.br\/~ddnovaes\/wp-content\/uploads\/2019\/11\/joaquim-150x150.jpg\" width=\"100\" height=\"100\" alt=\"Fant\u00e1stico Mundo Matem\u00e1tico\" \/><\/a>\n<\/div><div class=\"lptw-thumbnail-title\"><a class=\"lptw-post-title\" href=\"https:\/\/www.ime.unicamp.br\/~ddnovaes\/index.php\/2019\/11\/23\/fantastico-mundo-matematico\/\" target=\"_self\">Fant\u00e1stico Mundo Matem\u00e1tico<\/a><span class=\"lptw-post-subtitle\">V\u00eddeos sobre o nosso \"fant\u00e1stico mundo matem\u00e1tico\".<\/span>\n<\/div>\n<\/header><\/article>\n<article class=\"thumbnail-layout lptw-columns-fixed\" style=\"width: 300px; padding-bottom: 10px; \">\n<header class=\"lptw-post-header\">\n<div class=\"lptw-thumbnail-image\"><a class=\"lptw-thumbnail-link\" href=\"https:\/\/www.ime.unicamp.br\/~ddnovaes\/index.php\/2017\/03\/08\/3blue1brown\/\" target=\"_self\"><img src=\"https:\/\/www.ime.unicamp.br\/~ddnovaes\/wp-content\/uploads\/2017\/03\/3B1B.jpg\" width=\"100\" height=\"100\" alt=\"3Blue1Brown\" \/><\/a>\n<\/div><div class=\"lptw-thumbnail-title\"><a class=\"lptw-post-title\" href=\"https:\/\/www.ime.unicamp.br\/~ddnovaes\/index.php\/2017\/03\/08\/3blue1brown\/\" target=\"_self\">3Blue1Brown<\/a><span class=\"lptw-post-subtitle\">3Blue1Brown is a channel about animating math.<\/span>\n<\/div>\n<\/header><\/article>\n<article class=\"thumbnail-layout lptw-columns-fixed\" style=\"width: 300px; padding-right: 10px; padding-bottom: 10px; clear: left; \">\n<header class=\"lptw-post-header\">\n<div class=\"lptw-thumbnail-image\"><a class=\"lptw-thumbnail-link\" href=\"https:\/\/www.ime.unicamp.br\/~ddnovaes\/index.php\/2017\/02\/17\/a-brief-history-of-mathematics\/\" target=\"_self\"><img src=\"https:\/\/www.ime.unicamp.br\/~ddnovaes\/wp-content\/uploads\/2017\/02\/Captura-de-Tela-2017-02-17-a\u0300s-09.53.42-150x150.png\" width=\"100\" height=\"100\" alt=\"A Brief History of Mathematics\" \/><\/a>\n<\/div><div class=\"lptw-thumbnail-title\"><a class=\"lptw-post-title\" href=\"https:\/\/www.ime.unicamp.br\/~ddnovaes\/index.php\/2017\/02\/17\/a-brief-history-of-mathematics\/\" target=\"_self\">A Brief History of Mathematics<\/a><span class=\"lptw-post-subtitle\">Podcast sobre os grandes matem\u00e1ticos da hist\u00f3ria.<\/span>\n<\/div>\n<\/header><\/article>\n<article class=\"thumbnail-layout lptw-columns-fixed\" style=\"width: 300px; padding-bottom: 10px; \">\n<header class=\"lptw-post-header\">\n<div class=\"lptw-thumbnail-image\"><a class=\"lptw-thumbnail-link\" href=\"https:\/\/www.ime.unicamp.br\/~ddnovaes\/index.php\/2016\/05\/17\/univesp\/\" target=\"_self\"><img src=\"https:\/\/www.ime.unicamp.br\/~ddnovaes\/wp-content\/uploads\/2016\/05\/logo.png\" width=\"93\" height=\"100\" alt=\"UNIVESP\" \/><\/a>\n<\/div><div class=\"lptw-thumbnail-title\"><a class=\"lptw-post-title\" href=\"https:\/\/www.ime.unicamp.br\/~ddnovaes\/index.php\/2016\/05\/17\/univesp\/\" target=\"_self\">UNIVESP<\/a><span class=\"lptw-post-subtitle\">V\u00eddeo aulas de cursos das universidades estaduais paulistas.<\/span>\n<\/div>\n<\/header><\/article>\n<article class=\"thumbnail-layout lptw-columns-fixed\" style=\"width: 300px; padding-right: 10px; padding-bottom: 10px; clear: left; \">\n<header class=\"lptw-post-header\">\n<div class=\"lptw-thumbnail-image\"><a class=\"lptw-thumbnail-link\" href=\"https:\/\/www.ime.unicamp.br\/~ddnovaes\/index.php\/2015\/12\/30\/mit-open-course-ware\/\" target=\"_self\"><img src=\"https:\/\/www.ime.unicamp.br\/~ddnovaes\/wp-content\/uploads\/2015\/12\/MIT.png\" width=\"100\" height=\"100\" alt=\"MIT Open Course Ware\" \/><\/a>\n<\/div><div class=\"lptw-thumbnail-title\"><a class=\"lptw-post-title\" href=\"https:\/\/www.ime.unicamp.br\/~ddnovaes\/index.php\/2015\/12\/30\/mit-open-course-ware\/\" target=\"_self\">MIT Open Course Ware<\/a><span class=\"lptw-post-subtitle\">V\u00eddeo aulas de cursos do MIT (Massachusetts Intitute of Technology)<\/span>\n<\/div>\n<\/header><\/article>\n<article class=\"thumbnail-layout lptw-columns-fixed\" style=\"width: 300px; padding-bottom: 10px; \">\n<header class=\"lptw-post-header\">\n<div class=\"lptw-thumbnail-image\"><a class=\"lptw-thumbnail-link\" href=\"https:\/\/www.ime.unicamp.br\/~ddnovaes\/index.php\/2015\/12\/30\/math-talks-to-blow-your-mind\/\" target=\"_self\"><img src=\"https:\/\/www.ime.unicamp.br\/~ddnovaes\/wp-content\/uploads\/2015\/12\/TED.png\" width=\"100\" height=\"100\" alt=\"Math talks to blow your mind!\" \/><\/a>\n<\/div><div class=\"lptw-thumbnail-title\"><a class=\"lptw-post-title\" href=\"https:\/\/www.ime.unicamp.br\/~ddnovaes\/index.php\/2015\/12\/30\/math-talks-to-blow-your-mind\/\" target=\"_self\">Math talks to blow your mind!<\/a><span class=\"lptw-post-subtitle\">Compila\u00e7\u00e3o de confer\u00eancias (TED) sobre matem\u00e1tica.<\/span>\n<\/div>\n<\/header><\/article>\n<article class=\"thumbnail-layout lptw-columns-fixed\" style=\"width: 300px; padding-right: 10px; padding-bottom: 10px; clear: left; \">\n<header class=\"lptw-post-header\">\n<div class=\"lptw-thumbnail-image\"><a class=\"lptw-thumbnail-link\" href=\"https:\/\/www.ime.unicamp.br\/~ddnovaes\/index.php\/2015\/12\/30\/mathematics-genealogy-project\/\" target=\"_self\"><img src=\"https:\/\/www.ime.unicamp.br\/~ddnovaes\/wp-content\/uploads\/2015\/12\/Genealogy-150x150.gif\" width=\"100\" height=\"100\" alt=\"Mathematics Genealogy Project.\" \/><\/a>\n<\/div><div class=\"lptw-thumbnail-title\"><a class=\"lptw-post-title\" href=\"https:\/\/www.ime.unicamp.br\/~ddnovaes\/index.php\/2015\/12\/30\/mathematics-genealogy-project\/\" target=\"_self\">Mathematics Genealogy Project.<\/a><span class=\"lptw-post-subtitle\">Uma tentativa de compilar as informa\u00e7\u00f5es de todos os matem\u00e1ticos do mundo!<\/span>\n<\/div>\n<\/header><\/article>\n<article class=\"thumbnail-layout lptw-columns-fixed\" style=\"width: 300px; padding-bottom: 10px; \">\n<header class=\"lptw-post-header\">\n<div class=\"lptw-thumbnail-image\"><a class=\"lptw-thumbnail-link\" href=\"https:\/\/www.ime.unicamp.br\/~ddnovaes\/index.php\/2015\/12\/30\/livros-da-springer-para-download\/\" target=\"_self\"><img src=\"https:\/\/www.ime.unicamp.br\/~ddnovaes\/wp-content\/uploads\/2015\/12\/springer-1-150x150.png\" width=\"100\" height=\"100\" alt=\"Livros da Springer para download!\" \/><\/a>\n<\/div><div class=\"lptw-thumbnail-title\"><a class=\"lptw-post-title\" href=\"https:\/\/www.ime.unicamp.br\/~ddnovaes\/index.php\/2015\/12\/30\/livros-da-springer-para-download\/\" target=\"_self\">Livros da Springer para download!<\/a><span class=\"lptw-post-subtitle\">Recentemente a SPRINGER disponibilizou v\u00e1rios de seus livros para download.<\/span>\n<\/div>\n<\/header><\/article>\n<article class=\"thumbnail-layout lptw-columns-fixed\" style=\"width: 300px; padding-right: 10px; padding-bottom: 10px; clear: left; \">\n<header class=\"lptw-post-header\">\n<div class=\"lptw-thumbnail-image\"><a class=\"lptw-thumbnail-link\" href=\"https:\/\/www.ime.unicamp.br\/~ddnovaes\/index.php\/2015\/12\/30\/dimensions-um-passeio-matematico\/\" target=\"_self\"><img src=\"https:\/\/www.ime.unicamp.br\/~ddnovaes\/wp-content\/uploads\/2015\/12\/Dimensions-150x150.jpg\" width=\"100\" height=\"100\" alt=\"Dimensions: um passeio matem\u00e1tico.\" \/><\/a>\n<\/div><div class=\"lptw-thumbnail-title\"><a class=\"lptw-post-title\" href=\"https:\/\/www.ime.unicamp.br\/~ddnovaes\/index.php\/2015\/12\/30\/dimensions-um-passeio-matematico\/\" target=\"_self\">Dimensions: um passeio matem\u00e1tico.<\/a><span class=\"lptw-post-subtitle\">S\u00e9rie de filmes explorando a geometria da quarta dimens\u00e3o.<\/span>\n<\/div>\n<\/header><\/article>\n<article class=\"thumbnail-layout lptw-columns-fixed\" style=\"width: 300px; padding-bottom: 10px; \">\n<header class=\"lptw-post-header\">\n<div class=\"lptw-thumbnail-image\"><a class=\"lptw-thumbnail-link\" href=\"https:\/\/www.ime.unicamp.br\/~ddnovaes\/index.php\/2015\/12\/30\/chaos-uma-aventura-matematica\/\" target=\"_self\"><img src=\"https:\/\/www.ime.unicamp.br\/~ddnovaes\/wp-content\/uploads\/2015\/12\/Chaos-150x150.png\" width=\"100\" height=\"100\" alt=\"CHAOS: Uma Aventura matem\u00e1tica.\" \/><\/a>\n<\/div><div class=\"lptw-thumbnail-title\"><a class=\"lptw-post-title\" href=\"https:\/\/www.ime.unicamp.br\/~ddnovaes\/index.php\/2015\/12\/30\/chaos-uma-aventura-matematica\/\" target=\"_self\">CHAOS: Uma Aventura matem\u00e1tica.<\/a><span class=\"lptw-post-subtitle\">S\u00e9rie de filmes sobre sistemas din\u00e2micos, o efeito borboleta e a teoria do caos.<\/span>\n<\/div>\n<\/header><\/article>\n<\/div>\n","protected":false},"excerpt":{"rendered":"","protected":false},"author":1,"featured_media":0,"parent":0,"menu_order":7,"comment_status":"closed","ping_status":"closed","template":"","meta":[],"_links":{"self":[{"href":"https:\/\/www.ime.unicamp.br\/~ddnovaes\/index.php\/wp-json\/wp\/v2\/pages\/33"}],"collection":[{"href":"https:\/\/www.ime.unicamp.br\/~ddnovaes\/index.php\/wp-json\/wp\/v2\/pages"}],"about":[{"href":"https:\/\/www.ime.unicamp.br\/~ddnovaes\/index.php\/wp-json\/wp\/v2\/types\/page"}],"author":[{"embeddable":true,"href":"https:\/\/www.ime.unicamp.br\/~ddnovaes\/index.php\/wp-json\/wp\/v2\/users\/1"}],"replies":[{"embeddable":true,"href":"https:\/\/www.ime.unicamp.br\/~ddnovaes\/index.php\/wp-json\/wp\/v2\/comments?post=33"}],"version-history":[{"count":29,"href":"https:\/\/www.ime.unicamp.br\/~ddnovaes\/index.php\/wp-json\/wp\/v2\/pages\/33\/revisions"}],"predecessor-version":[{"id":2100,"href":"https:\/\/www.ime.unicamp.br\/~ddnovaes\/index.php\/wp-json\/wp\/v2\/pages\/33\/revisions\/2100"}],"wp:attachment":[{"href":"https:\/\/www.ime.unicamp.br\/~ddnovaes\/index.php\/wp-json\/wp\/v2\/media?parent=33"}],"curies":[{"name":"wp","href":"https:\/\/api.w.org\/{rel}","templated":true}]}}