{"id":2,"date":"2015-11-30T01:52:54","date_gmt":"2015-11-30T01:52:54","guid":{"rendered":"http:\/\/www.ime.unicamp.br\/~ddnovaes\/?page_id=2"},"modified":"2025-08-05T00:17:53","modified_gmt":"2025-08-05T00:17:53","slug":"ensino","status":"publish","type":"page","link":"https:\/\/www.ime.unicamp.br\/~ddnovaes\/index.php\/ensino\/","title":{"rendered":"Ensino"},"content":{"rendered":"<p><strong>2025 &#8211; Segundo Semestre<\/strong><\/p>\n<div id=\"thumbnail-container\"><article class=\"thumbnail-layout lptw-columns-fixed\" style=\"width: 300px; margin-bottom: 10px; \">\n<header class=\"lptw-post-header\">\n<div class=\"lptw-thumbnail-image\"><a class=\"lptw-thumbnail-noimglink\" style=\"background-color: #4CAF50; color: #ffffff; \" href=\"https:\/\/www.ime.unicamp.br\/~ddnovaes\/index.php\/2025\/08\/11\/recursos-computacionais-no-ensino-da-matematica-4\/\" target=\"_self\">R<\/a>\n<\/div><div class=\"lptw-thumbnail-title\"><a class=\"lptw-post-title\" href=\"https:\/\/www.ime.unicamp.br\/~ddnovaes\/index.php\/2025\/08\/11\/recursos-computacionais-no-ensino-da-matematica-4\/\" target=\"_self\">Recursos Computacionais no Ensino da Matem\u00e1tica<\/a>\n<\/div>\n<\/header><\/article>\n<article class=\"thumbnail-layout lptw-columns-fixed\" style=\"width: 300px; margin-bottom: 10px; \">\n<header class=\"lptw-post-header\">\n<div class=\"lptw-thumbnail-image\"><a class=\"lptw-thumbnail-link\" style=\"background-color: #4CAF50; color: #ffffff; \" href=\"https:\/\/www.ime.unicamp.br\/~ddnovaes\/index.php\/2025\/08\/05\/topologia-dos-espacos-metricos-2\/\" target=\"_self\"><img src=\"https:\/\/www.ime.unicamp.br\/~ddnovaes\/wp-content\/uploads\/2023\/07\/elonEM-150x150.png\" width=\"100\" height=\"100\" alt=\"Topologia dos Espa\u00e7os M\u00e9tricos\" \/><\/a>\n<\/div><div class=\"lptw-thumbnail-title\"><a class=\"lptw-post-title\" href=\"https:\/\/www.ime.unicamp.br\/~ddnovaes\/index.php\/2025\/08\/05\/topologia-dos-espacos-metricos-2\/\" target=\"_self\">Topologia dos Espa\u00e7os M\u00e9tricos<\/a>\n<\/div>\n<\/header><\/article>\n<\/div>\n<p><strong>2024 &#8211; Segundo Semestre<\/strong><\/p>\n<div id=\"thumbnail-container\"><article class=\"thumbnail-layout lptw-columns-fixed\" style=\"width: 300px; margin-bottom: 10px; \">\n<header class=\"lptw-post-header\">\n<div class=\"lptw-thumbnail-image\"><a class=\"lptw-thumbnail-link\" href=\"https:\/\/www.ime.unicamp.br\/~ddnovaes\/index.php\/2024\/08\/12\/modelagem-matematica-e-equacoes-diferenciais-4\/\" target=\"_self\"><img src=\"https:\/\/www.ime.unicamp.br\/~ddnovaes\/wp-content\/uploads\/2015\/12\/MA311-150x150.png\" width=\"100\" height=\"100\" alt=\"Modelagem Matem\u00e1tica e Equa\u00e7\u00f5es Diferenciais\" \/><\/a>\n<\/div><div class=\"lptw-thumbnail-title\"><a class=\"lptw-post-title\" href=\"https:\/\/www.ime.unicamp.br\/~ddnovaes\/index.php\/2024\/08\/12\/modelagem-matematica-e-equacoes-diferenciais-4\/\" target=\"_self\">Modelagem Matem\u00e1tica e Equa\u00e7\u00f5es Diferenciais<\/a><span class=\"lptw-post-subtitle\">MA 312 \u2013 Turma Z<\/span>\n<\/div>\n<\/header><\/article>\n<article class=\"thumbnail-layout lptw-columns-fixed\" style=\"width: 300px; margin-bottom: 10px; \">\n<header class=\"lptw-post-header\">\n<div class=\"lptw-thumbnail-image\"><a class=\"lptw-thumbnail-noimglink\" style=\"background-color: #4CAF50; color: #ffffff; \" href=\"https:\/\/www.ime.unicamp.br\/~ddnovaes\/index.php\/2024\/07\/25\/recursos-computacionais-no-ensino-da-matematica-3\/\" target=\"_self\">R<\/a>\n<\/div><div class=\"lptw-thumbnail-title\"><a class=\"lptw-post-title\" href=\"https:\/\/www.ime.unicamp.br\/~ddnovaes\/index.php\/2024\/07\/25\/recursos-computacionais-no-ensino-da-matematica-3\/\" target=\"_self\">Recursos Computacionais no Ensino da Matem\u00e1tica<\/a><span class=\"lptw-post-subtitle\">MA750 - Turma Z<\/span>\n<\/div>\n<\/header><\/article>\n<\/div>\n<p><strong>2023 &#8211; Segundo Semestre<\/strong><\/p>\n<div id=\"thumbnail-container\"><article class=\"thumbnail-layout lptw-columns-fixed\" style=\"width: 300px; margin-bottom: 10px; \">\n<header class=\"lptw-post-header\">\n<div class=\"lptw-thumbnail-image\"><a class=\"lptw-thumbnail-link\" href=\"https:\/\/www.ime.unicamp.br\/~ddnovaes\/index.php\/2023\/07\/31\/topologia-dos-espacos-metricos\/\" target=\"_self\"><img src=\"https:\/\/www.ime.unicamp.br\/~ddnovaes\/wp-content\/uploads\/2023\/07\/elonEM-150x150.png\" width=\"100\" height=\"100\" alt=\"Topologia dos Espa\u00e7os M\u00e9tricos\" \/><\/a>\n<\/div><div class=\"lptw-thumbnail-title\"><a class=\"lptw-post-title\" href=\"https:\/\/www.ime.unicamp.br\/~ddnovaes\/index.php\/2023\/07\/31\/topologia-dos-espacos-metricos\/\" target=\"_self\">Topologia dos Espa\u00e7os M\u00e9tricos<\/a><span class=\"lptw-post-subtitle\">MA 604 \u2013 Turma A<\/span>\n<\/div>\n<\/header><\/article>\n<article class=\"thumbnail-layout lptw-columns-fixed\" style=\"width: 300px; margin-bottom: 10px; \">\n<header class=\"lptw-post-header\">\n<div class=\"lptw-thumbnail-image\"><a class=\"lptw-thumbnail-link\" href=\"https:\/\/www.ime.unicamp.br\/~ddnovaes\/index.php\/2023\/07\/31\/modelagem-matematica-e-equacoes-diferenciais-3\/\" target=\"_self\"><img src=\"https:\/\/www.ime.unicamp.br\/~ddnovaes\/wp-content\/uploads\/2015\/12\/MA311-150x150.png\" width=\"100\" height=\"100\" alt=\"Modelagem Matem\u00e1tica e Equa\u00e7\u00f5es Diferenciais\" \/><\/a>\n<\/div><div class=\"lptw-thumbnail-title\"><a class=\"lptw-post-title\" href=\"https:\/\/www.ime.unicamp.br\/~ddnovaes\/index.php\/2023\/07\/31\/modelagem-matematica-e-equacoes-diferenciais-3\/\" target=\"_self\">Modelagem Matem\u00e1tica e Equa\u00e7\u00f5es Diferenciais<\/a><span class=\"lptw-post-subtitle\">MA 312 \u2013 Turma Z<\/span>\n<\/div>\n<\/header><\/article>\n<\/div>\n<p><strong>2023 &#8211; Primeiro Semestre<\/strong><\/p>\n<div id=\"thumbnail-container\"><article class=\"thumbnail-layout lptw-columns-fixed\" style=\"width: 300px; margin-bottom: 10px; \">\n<header class=\"lptw-post-header\">\n<div class=\"lptw-thumbnail-image\"><a class=\"lptw-thumbnail-link\" href=\"https:\/\/www.ime.unicamp.br\/~ddnovaes\/index.php\/2023\/01\/30\/equacoes-diferenciais-ordinarias-4\/\" target=\"_self\"><img src=\"https:\/\/www.ime.unicamp.br\/~ddnovaes\/wp-content\/uploads\/2016\/11\/Captura-de-Tela-2016-11-18-a\u0300s-22.51.38-150x150.png\" width=\"100\" height=\"100\" alt=\"Equa\u00e7\u00f5es Diferenciais Ordin\u00e1rias\" \/><\/a>\n<\/div><div class=\"lptw-thumbnail-title\"><a class=\"lptw-post-title\" href=\"https:\/\/www.ime.unicamp.br\/~ddnovaes\/index.php\/2023\/01\/30\/equacoes-diferenciais-ordinarias-4\/\" target=\"_self\">Equa\u00e7\u00f5es Diferenciais Ordin\u00e1rias<\/a><span class=\"lptw-post-subtitle\">MA\/MM 456 \u2013 Turma A<\/span>\n<\/div>\n<\/header><\/article>\n<\/div>\n<p><strong>2022 &#8211; Segundo Semestre<\/strong><\/p>\n<div id=\"thumbnail-container\"><article class=\"thumbnail-layout lptw-columns-fixed\" style=\"width: 300px; margin-bottom: 10px; \">\n<header class=\"lptw-post-header\">\n<div class=\"lptw-thumbnail-image\"><a class=\"lptw-thumbnail-noimglink\" style=\"background-color: #4CAF50; color: #ffffff; \" href=\"https:\/\/www.ime.unicamp.br\/~ddnovaes\/index.php\/2022\/08\/15\/recursos-computacionais-no-ensino-da-matematica-2\/\" target=\"_self\">R<\/a>\n<\/div><div class=\"lptw-thumbnail-title\"><a class=\"lptw-post-title\" href=\"https:\/\/www.ime.unicamp.br\/~ddnovaes\/index.php\/2022\/08\/15\/recursos-computacionais-no-ensino-da-matematica-2\/\" target=\"_self\">Recursos Computacionais no Ensino da Matem\u00e1tica<\/a><span class=\"lptw-post-subtitle\">MA750 - Turma Z<\/span>\n<\/div>\n<\/header><\/article>\n<article class=\"thumbnail-layout lptw-columns-fixed\" style=\"width: 300px; margin-bottom: 10px; \">\n<header class=\"lptw-post-header\">\n<div class=\"lptw-thumbnail-image\"><a class=\"lptw-thumbnail-link\" style=\"background-color: #4CAF50; color: #ffffff; \" href=\"https:\/\/www.ime.unicamp.br\/~ddnovaes\/index.php\/2022\/08\/15\/modelagem-matematica-e-equacoes-diferenciais-2\/\" target=\"_self\"><img src=\"https:\/\/www.ime.unicamp.br\/~ddnovaes\/wp-content\/uploads\/2015\/12\/MA311-150x150.png\" width=\"100\" height=\"100\" alt=\"Modelagem Matem\u00e1tica e Equa\u00e7\u00f5es Diferenciais\" \/><\/a>\n<\/div><div class=\"lptw-thumbnail-title\"><a class=\"lptw-post-title\" href=\"https:\/\/www.ime.unicamp.br\/~ddnovaes\/index.php\/2022\/08\/15\/modelagem-matematica-e-equacoes-diferenciais-2\/\" target=\"_self\">Modelagem Matem\u00e1tica e Equa\u00e7\u00f5es Diferenciais<\/a><span class=\"lptw-post-subtitle\">MA 312 \u2013 Turma Z<\/span>\n<\/div>\n<\/header><\/article>\n<\/div>\n<p><strong>2021 &#8211; Segundo Semestre<\/strong><\/p>\n<div id=\"thumbnail-container\"><article class=\"thumbnail-layout lptw-columns-fixed\" style=\"width: 300px; margin-bottom: 10px; \">\n<header class=\"lptw-post-header\">\n<div class=\"lptw-thumbnail-image\"><a class=\"lptw-thumbnail-link\" href=\"https:\/\/www.ime.unicamp.br\/~ddnovaes\/index.php\/2021\/08\/09\/modelagem-matematica-e-equacoes-diferenciais\/\" target=\"_self\"><img src=\"https:\/\/www.ime.unicamp.br\/~ddnovaes\/wp-content\/uploads\/2015\/12\/MA311-150x150.png\" width=\"100\" height=\"100\" alt=\"Modelagem Matem\u00e1tica e Equa\u00e7\u00f5es Diferenciais\" \/><\/a>\n<\/div><div class=\"lptw-thumbnail-title\"><a class=\"lptw-post-title\" href=\"https:\/\/www.ime.unicamp.br\/~ddnovaes\/index.php\/2021\/08\/09\/modelagem-matematica-e-equacoes-diferenciais\/\" target=\"_self\">Modelagem Matem\u00e1tica e Equa\u00e7\u00f5es Diferenciais<\/a><span class=\"lptw-post-subtitle\">MA 312 \u2013 Turma Z<\/span>\n<\/div>\n<\/header><\/article>\n<\/div>\n<p><strong>2021 &#8211; Inverno<\/strong><\/p>\n<div id=\"thumbnail-container\"><article class=\"thumbnail-layout lptw-columns-fixed\" style=\"width: 300px; margin-bottom: 10px; \">\n<header class=\"lptw-post-header\">\n<div class=\"lptw-thumbnail-image\"><a class=\"lptw-thumbnail-link\" href=\"https:\/\/www.ime.unicamp.br\/~ddnovaes\/index.php\/2021\/08\/09\/the-averaging-method\/\" target=\"_self\"><img src=\"https:\/\/www.ime.unicamp.br\/~ddnovaes\/wp-content\/uploads\/2021\/08\/summer-150x150.png\" width=\"100\" height=\"100\" alt=\"The Averaging Method\" \/><\/a>\n<\/div><div class=\"lptw-thumbnail-title\"><a class=\"lptw-post-title\" href=\"https:\/\/www.ime.unicamp.br\/~ddnovaes\/index.php\/2021\/08\/09\/the-averaging-method\/\" target=\"_self\">The Averaging Method<\/a><span class=\"lptw-post-subtitle\">CRM Summer School, Barcelona<\/span>\n<\/div>\n<\/header><\/article>\n<\/div>\n<p><strong>2021 &#8211; Primeiro Semestre<\/strong><\/p>\n<div id=\"thumbnail-container\"><article class=\"thumbnail-layout lptw-columns-fixed\" style=\"width: 300px; margin-bottom: 10px; \">\n<header class=\"lptw-post-header\">\n<div class=\"lptw-thumbnail-image\"><a class=\"lptw-thumbnail-link\" href=\"https:\/\/www.ime.unicamp.br\/~ddnovaes\/index.php\/2021\/07\/21\/seminarios-de-geometria\/\" target=\"_self\"><img src=\"https:\/\/www.ime.unicamp.br\/~ddnovaes\/wp-content\/uploads\/2015\/12\/EscherM.C.-Circle-Limit-III-1959-150x150.jpg\" width=\"100\" height=\"100\" alt=\"Semin\u00e1rios de Geometria\" \/><\/a>\n<\/div><div class=\"lptw-thumbnail-title\"><a class=\"lptw-post-title\" href=\"https:\/\/www.ime.unicamp.br\/~ddnovaes\/index.php\/2021\/07\/21\/seminarios-de-geometria\/\" target=\"_self\">Semin\u00e1rios de Geometria<\/a><span class=\"lptw-post-subtitle\">MM928 - Turma B<\/span>\n<\/div>\n<\/header><\/article>\n<article class=\"thumbnail-layout lptw-columns-fixed\" style=\"width: 300px; margin-bottom: 10px; \">\n<header class=\"lptw-post-header\">\n<div class=\"lptw-thumbnail-image\"><a class=\"lptw-thumbnail-link\" href=\"https:\/\/www.ime.unicamp.br\/~ddnovaes\/index.php\/2021\/02\/28\/equacoes-diferenciais-ordinarias-3\/\" target=\"_self\"><img src=\"https:\/\/www.ime.unicamp.br\/~ddnovaes\/wp-content\/uploads\/2016\/11\/Captura-de-Tela-2016-11-18-a\u0300s-22.51.38-150x150.png\" width=\"100\" height=\"100\" alt=\"Equa\u00e7\u00f5es Diferenciais Ordin\u00e1rias\" \/><\/a>\n<\/div><div class=\"lptw-thumbnail-title\"><a class=\"lptw-post-title\" href=\"https:\/\/www.ime.unicamp.br\/~ddnovaes\/index.php\/2021\/02\/28\/equacoes-diferenciais-ordinarias-3\/\" target=\"_self\">Equa\u00e7\u00f5es Diferenciais Ordin\u00e1rias<\/a><span class=\"lptw-post-subtitle\">MA\/MM 456 \u2013 Turma A<\/span>\n<\/div>\n<\/header><\/article>\n<\/div>\n<p><strong>2020 &#8211; Segundo Semestre<\/strong><\/p>\n<div id=\"thumbnail-container\"><article class=\"thumbnail-layout lptw-columns-fixed\" style=\"width: 300px; margin-bottom: 10px; \">\n<header class=\"lptw-post-header\">\n<div class=\"lptw-thumbnail-image\"><a class=\"lptw-thumbnail-noimglink\" style=\"background-color: #4CAF50; color: #ffffff; \" href=\"https:\/\/www.ime.unicamp.br\/~ddnovaes\/index.php\/2020\/09\/10\/recursos-computacionais-no-ensino-da-matematica\/\" target=\"_self\">R<\/a>\n<\/div><div class=\"lptw-thumbnail-title\"><a class=\"lptw-post-title\" href=\"https:\/\/www.ime.unicamp.br\/~ddnovaes\/index.php\/2020\/09\/10\/recursos-computacionais-no-ensino-da-matematica\/\" target=\"_self\">Recursos Computacionais no Ensino da Matem\u00e1tica<\/a><span class=\"lptw-post-subtitle\">MA750 - Turma Z<\/span>\n<\/div>\n<\/header><\/article>\n<\/div>\n<p><strong>2020 &#8211; Primeiro Semestre<\/strong><\/p>\n<div id=\"thumbnail-container\"><article class=\"thumbnail-layout lptw-columns-fixed\" style=\"width: 300px; margin-bottom: 10px; \">\n<header class=\"lptw-post-header\">\n<div class=\"lptw-thumbnail-image\"><a class=\"lptw-thumbnail-link\" href=\"https:\/\/www.ime.unicamp.br\/~ddnovaes\/index.php\/2020\/03\/10\/seminarios-de-geometria-i\/\" target=\"_self\"><img src=\"https:\/\/www.ime.unicamp.br\/~ddnovaes\/wp-content\/uploads\/2015\/12\/EscherM.C.-Circle-Limit-III-1959-150x150.jpg\" width=\"100\" height=\"100\" alt=\"Semin\u00e1rios de Geometria\" \/><\/a>\n<\/div><div class=\"lptw-thumbnail-title\"><a class=\"lptw-post-title\" href=\"https:\/\/www.ime.unicamp.br\/~ddnovaes\/index.php\/2020\/03\/10\/seminarios-de-geometria-i\/\" target=\"_self\">Semin\u00e1rios de Geometria<\/a><span class=\"lptw-post-subtitle\">MM928 - Turma A<\/span>\n<\/div>\n<\/header><\/article>\n<article class=\"thumbnail-layout lptw-columns-fixed\" style=\"width: 300px; margin-bottom: 10px; \">\n<header class=\"lptw-post-header\">\n<div class=\"lptw-thumbnail-image\"><a class=\"lptw-thumbnail-link\" href=\"https:\/\/www.ime.unicamp.br\/~ddnovaes\/index.php\/2020\/02\/26\/topologia-geral\/\" target=\"_self\"><img src=\"https:\/\/www.ime.unicamp.br\/~ddnovaes\/wp-content\/uploads\/2020\/02\/topology-150x150.jpg\" width=\"100\" height=\"100\" alt=\"Topologia Geral\" \/><\/a>\n<\/div><div class=\"lptw-thumbnail-title\"><a class=\"lptw-post-title\" href=\"https:\/\/www.ime.unicamp.br\/~ddnovaes\/index.php\/2020\/02\/26\/topologia-geral\/\" target=\"_self\">Topologia Geral<\/a><span class=\"lptw-post-subtitle\">MA\/MM 453 \u2013 Turma A<\/span>\n<\/div>\n<\/header><\/article>\n<\/div>\n<p><strong>2019 &#8211; Segundo Semestre<\/strong><\/p>\n<div id=\"thumbnail-container\"><article class=\"thumbnail-layout lptw-columns-fixed\" style=\"width: 300px; margin-bottom: 10px; \">\n<header class=\"lptw-post-header\">\n<div class=\"lptw-thumbnail-image\"><a class=\"lptw-thumbnail-noimglink\" style=\"background-color: #4CAF50; color: #ffffff; \" href=\"https:\/\/www.ime.unicamp.br\/~ddnovaes\/index.php\/2019\/08\/02\/recursos-computacionais-no-ensino-matematica\/\" target=\"_self\">R<\/a>\n<\/div><div class=\"lptw-thumbnail-title\"><a class=\"lptw-post-title\" href=\"https:\/\/www.ime.unicamp.br\/~ddnovaes\/index.php\/2019\/08\/02\/recursos-computacionais-no-ensino-matematica\/\" target=\"_self\">Recursos Computacionais no Ensino da Matem\u00e1tica<\/a><span class=\"lptw-post-subtitle\">MA750 - Turma Z<\/span>\n<\/div>\n<\/header><\/article>\n<\/div>\n<p><strong>2019 &#8211; Primeiro&nbsp;Semestre<\/strong><\/p>\n<div id=\"thumbnail-container\"><article class=\"thumbnail-layout lptw-columns-fixed\" style=\"width: 300px; margin-bottom: 10px; \">\n<header class=\"lptw-post-header\">\n<div class=\"lptw-thumbnail-image\"><a class=\"lptw-thumbnail-link\" href=\"https:\/\/www.ime.unicamp.br\/~ddnovaes\/index.php\/2019\/02\/27\/matematica-elementar-2\/\" target=\"_self\"><img src=\"https:\/\/www.ime.unicamp.br\/~ddnovaes\/wp-content\/uploads\/2019\/02\/precal-e1551289057524-150x150.jpg\" width=\"100\" height=\"100\" alt=\"Matem\u00e1tica Elementar &#8211; Curr\u00edculo e Did\u00e1tica\" \/><\/a>\n<\/div><div class=\"lptw-thumbnail-title\"><a class=\"lptw-post-title\" href=\"https:\/\/www.ime.unicamp.br\/~ddnovaes\/index.php\/2019\/02\/27\/matematica-elementar-2\/\" target=\"_self\">Matem\u00e1tica Elementar &#8211; Curr\u00edculo e Did\u00e1tica<\/a><span class=\"lptw-post-subtitle\">MA105\/MA705 - Turma Z<\/span>\n<\/div>\n<\/header><\/article>\n<\/div>\n<p><strong>2018 &#8211; Primeiro&nbsp;Semestre<\/strong><\/p>\n<div id=\"thumbnail-container\"><article class=\"thumbnail-layout lptw-columns-fixed\" style=\"width: 300px; margin-bottom: 10px; \">\n<header class=\"lptw-post-header\">\n<div class=\"lptw-thumbnail-image\"><a class=\"lptw-thumbnail-link\" href=\"https:\/\/www.ime.unicamp.br\/~ddnovaes\/index.php\/2018\/03\/08\/curriculo-didatica-matematica-t-pratica\/\" target=\"_self\"><img src=\"https:\/\/www.ime.unicamp.br\/~ddnovaes\/wp-content\/uploads\/2018\/03\/Captura-de-Tela-2018-03-08-a\u0300s-11.15.23-150x150.png\" width=\"100\" height=\"100\" alt=\"Curr\u00edculo Did\u00e1tica Matem\u00e1tica: T. Pr\u00e1tica\" \/><\/a>\n<\/div><div class=\"lptw-thumbnail-title\"><a class=\"lptw-post-title\" href=\"https:\/\/www.ime.unicamp.br\/~ddnovaes\/index.php\/2018\/03\/08\/curriculo-didatica-matematica-t-pratica\/\" target=\"_self\">Curr\u00edculo Did\u00e1tica Matem\u00e1tica: T. Pr\u00e1tica<\/a><span class=\"lptw-post-subtitle\">MA705 - Turma P<\/span>\n<\/div>\n<\/header><\/article>\n<article class=\"thumbnail-layout lptw-columns-fixed\" style=\"width: 300px; margin-bottom: 10px; \">\n<header class=\"lptw-post-header\">\n<div class=\"lptw-thumbnail-image\"><a class=\"lptw-thumbnail-link\" href=\"https:\/\/www.ime.unicamp.br\/~ddnovaes\/index.php\/2018\/03\/08\/teoria-qualitativa-de-sistemas-dinamicos\/\" target=\"_self\"><img src=\"https:\/\/www.ime.unicamp.br\/~ddnovaes\/wp-content\/uploads\/2018\/03\/63295-150x150.jpg\" width=\"100\" height=\"100\" alt=\"Teoria Qualitativa de Sistemas Din\u00e2micos\" \/><\/a>\n<\/div><div class=\"lptw-thumbnail-title\"><a class=\"lptw-post-title\" href=\"https:\/\/www.ime.unicamp.br\/~ddnovaes\/index.php\/2018\/03\/08\/teoria-qualitativa-de-sistemas-dinamicos\/\" target=\"_self\">Teoria Qualitativa de Sistemas Din\u00e2micos<\/a><span class=\"lptw-post-subtitle\">MM753 - Turma A<\/span>\n<\/div>\n<\/header><\/article>\n<article class=\"thumbnail-layout lptw-columns-fixed\" style=\"width: 300px; margin-bottom: 10px; \">\n<header class=\"lptw-post-header\">\n<div class=\"lptw-thumbnail-image\"><a class=\"lptw-thumbnail-link\" href=\"https:\/\/www.ime.unicamp.br\/~ddnovaes\/index.php\/2018\/03\/08\/seminarios-de-geometria-ii\/\" target=\"_self\"><img src=\"https:\/\/www.ime.unicamp.br\/~ddnovaes\/wp-content\/uploads\/2015\/12\/cropped-EscherM.C.-Circle-Limit-III-1959-150x150.jpg\" width=\"100\" height=\"100\" alt=\"Semin\u00e1rios de Geometria I\" \/><\/a>\n<\/div><div class=\"lptw-thumbnail-title\"><a class=\"lptw-post-title\" href=\"https:\/\/www.ime.unicamp.br\/~ddnovaes\/index.php\/2018\/03\/08\/seminarios-de-geometria-ii\/\" target=\"_self\">Semin\u00e1rios de Geometria I<\/a><span class=\"lptw-post-subtitle\">MM928 - Turma A<\/span>\n<\/div>\n<\/header><\/article>\n<article class=\"thumbnail-layout lptw-columns-fixed\" style=\"width: 300px; margin-bottom: 10px; \">\n<header class=\"lptw-post-header\">\n<div class=\"lptw-thumbnail-image\"><a class=\"lptw-thumbnail-link\" href=\"https:\/\/www.ime.unicamp.br\/~ddnovaes\/index.php\/2018\/02\/25\/matematica-elementar\/\" target=\"_self\"><img src=\"https:\/\/www.ime.unicamp.br\/~ddnovaes\/wp-content\/uploads\/2018\/02\/MatEle-150x150.jpg\" width=\"100\" height=\"100\" alt=\"Matem\u00e1tica Elementar\" \/><\/a>\n<\/div><div class=\"lptw-thumbnail-title\"><a class=\"lptw-post-title\" href=\"https:\/\/www.ime.unicamp.br\/~ddnovaes\/index.php\/2018\/02\/25\/matematica-elementar\/\" target=\"_self\">Matem\u00e1tica Elementar<\/a><span class=\"lptw-post-subtitle\">MA105 - Turma Z<\/span>\n<\/div>\n<\/header><\/article>\n<\/div>\n<p><strong>2018 &#8211;&nbsp;Ver\u00e3o<\/strong><\/p>\n<div id=\"thumbnail-container\"><article class=\"thumbnail-layout lptw-columns-fixed\" style=\"width: 300px; margin-bottom: 10px; \">\n<header class=\"lptw-post-header\">\n<div class=\"lptw-thumbnail-image\"><a class=\"lptw-thumbnail-link\" href=\"https:\/\/www.ime.unicamp.br\/~ddnovaes\/index.php\/2017\/12\/21\/equacoes-diferenciais-ordinarias-2\/\" target=\"_self\"><img src=\"https:\/\/www.ime.unicamp.br\/~ddnovaes\/wp-content\/uploads\/2017\/12\/SunDyn-2-150x150.png\" width=\"100\" height=\"100\" alt=\"Equa\u00e7\u00f5es Diferenciais Ordin\u00e1rias\" \/><\/a>\n<\/div><div class=\"lptw-thumbnail-title\"><a class=\"lptw-post-title\" href=\"https:\/\/www.ime.unicamp.br\/~ddnovaes\/index.php\/2017\/12\/21\/equacoes-diferenciais-ordinarias-2\/\" target=\"_self\">Equa\u00e7\u00f5es Diferenciais Ordin\u00e1rias<\/a><span class=\"lptw-post-subtitle\">MA\/MM 456 \u2013 Turma A<\/span>\n<\/div>\n<\/header><\/article>\n<\/div>\n<p><strong>2017 &#8211; Segundo&nbsp;Semestre<\/strong><\/p>\n<div id=\"thumbnail-container\"><article class=\"thumbnail-layout lptw-columns-fixed\" style=\"width: 300px; margin-bottom: 10px; \">\n<header class=\"lptw-post-header\">\n<div class=\"lptw-thumbnail-image\"><a class=\"lptw-thumbnail-link\" href=\"https:\/\/www.ime.unicamp.br\/~ddnovaes\/index.php\/2017\/08\/11\/topicos-de-geomatria\/\" target=\"_self\"><img src=\"https:\/\/www.ime.unicamp.br\/~ddnovaes\/wp-content\/uploads\/2015\/12\/mat70-150x150.png\" width=\"100\" height=\"100\" alt=\"T\u00f3picos de Geometria\" \/><\/a>\n<\/div><div class=\"lptw-thumbnail-title\"><a class=\"lptw-post-title\" href=\"https:\/\/www.ime.unicamp.br\/~ddnovaes\/index.php\/2017\/08\/11\/topicos-de-geomatria\/\" target=\"_self\">T\u00f3picos de Geometria<\/a><span class=\"lptw-post-subtitle\">MM 813 - Turma A<\/span>\n<\/div>\n<\/header><\/article>\n<article class=\"thumbnail-layout lptw-columns-fixed\" style=\"width: 300px; margin-bottom: 10px; \">\n<header class=\"lptw-post-header\">\n<div class=\"lptw-thumbnail-image\"><a class=\"lptw-thumbnail-link\" href=\"https:\/\/www.ime.unicamp.br\/~ddnovaes\/index.php\/2017\/07\/24\/analise-i\/\" target=\"_self\"><img src=\"https:\/\/www.ime.unicamp.br\/~ddnovaes\/wp-content\/uploads\/2017\/07\/cmu-01_1-e1500897009103-150x150.jpg\" width=\"100\" height=\"100\" alt=\"An\u00e1lise I\" \/><\/a>\n<\/div><div class=\"lptw-thumbnail-title\"><a class=\"lptw-post-title\" href=\"https:\/\/www.ime.unicamp.br\/~ddnovaes\/index.php\/2017\/07\/24\/analise-i\/\" target=\"_self\">An\u00e1lise I<\/a><span class=\"lptw-post-subtitle\">MA 502\/507 - Turma Z<\/span>\n<\/div>\n<\/header><\/article>\n<\/div>\n<p><strong>2017 &#8211; Primeiro&nbsp;Semestre<\/strong><\/p>\n<div id=\"thumbnail-container\"><article class=\"thumbnail-layout lptw-columns-fixed\" style=\"width: 300px; margin-bottom: 10px; \">\n<header class=\"lptw-post-header\">\n<div class=\"lptw-thumbnail-image\"><a class=\"lptw-thumbnail-link\" href=\"https:\/\/www.ime.unicamp.br\/~ddnovaes\/index.php\/2016\/11\/19\/equacoes-diferenciais-ordinarias\/\" target=\"_self\"><img src=\"https:\/\/www.ime.unicamp.br\/~ddnovaes\/wp-content\/uploads\/2016\/11\/Captura-de-Tela-2016-11-18-a\u0300s-22.51.38-150x150.png\" width=\"100\" height=\"100\" alt=\"Equa\u00e7\u00f5es Diferenciais Ordin\u00e1rias\" \/><\/a>\n<\/div><div class=\"lptw-thumbnail-title\"><a class=\"lptw-post-title\" href=\"https:\/\/www.ime.unicamp.br\/~ddnovaes\/index.php\/2016\/11\/19\/equacoes-diferenciais-ordinarias\/\" target=\"_self\">Equa\u00e7\u00f5es Diferenciais Ordin\u00e1rias<\/a><span class=\"lptw-post-subtitle\">MA\/MM 456 \u2013 Turma A<\/span>\n<\/div>\n<\/header><\/article>\n<\/div>\n<p><strong>2016 &#8211; Segundo Semestre<\/strong><\/p>\n<div id=\"thumbnail-container\"><article class=\"thumbnail-layout lptw-columns-fixed\" style=\"width: 300px; margin-bottom: 10px; \">\n<header class=\"lptw-post-header\">\n<div class=\"lptw-thumbnail-image\"><a class=\"lptw-thumbnail-link\" href=\"https:\/\/www.ime.unicamp.br\/~ddnovaes\/index.php\/2015\/12\/29\/ma311-calculo3\/\" target=\"_self\"><img src=\"https:\/\/www.ime.unicamp.br\/~ddnovaes\/wp-content\/uploads\/2015\/12\/MA311-150x150.png\" width=\"100\" height=\"100\" alt=\"C\u00e1lculo 3\" \/><\/a>\n<\/div><div class=\"lptw-thumbnail-title\"><a class=\"lptw-post-title\" href=\"https:\/\/www.ime.unicamp.br\/~ddnovaes\/index.php\/2015\/12\/29\/ma311-calculo3\/\" target=\"_self\">C\u00e1lculo 3<\/a><span class=\"lptw-post-subtitle\">MA311 - Turmas W e Z<\/span>\n<\/div>\n<\/header><\/article>\n<\/div>\n","protected":false},"excerpt":{"rendered":"<p>2025 &#8211; Segundo Semestre 2024 &#8211; Segundo Semestre 2023 &#8211; Segundo Semestre 2023 &#8211; Primeiro Semestre 2022 &#8211; Segundo Semestre 2021 &#8211; Segundo Semestre 2021 &#8211; Inverno 2021 &#8211; Primeiro Semestre 2020 &#8211; Segundo Semestre 2020 &#8211; Primeiro Semestre 2019 &hellip; <a href=\"https:\/\/www.ime.unicamp.br\/~ddnovaes\/index.php\/2015\/12\/29\/ma311-calculo3\/\">Continue lendo <span class=\"meta-nav\">&rarr;<\/span><\/a><\/p>\n","protected":false},"author":1,"featured_media":0,"parent":0,"menu_order":2,"comment_status":"closed","ping_status":"open","template":"","meta":[],"_links":{"self":[{"href":"https:\/\/www.ime.unicamp.br\/~ddnovaes\/index.php\/wp-json\/wp\/v2\/pages\/2"}],"collection":[{"href":"https:\/\/www.ime.unicamp.br\/~ddnovaes\/index.php\/wp-json\/wp\/v2\/pages"}],"about":[{"href":"https:\/\/www.ime.unicamp.br\/~ddnovaes\/index.php\/wp-json\/wp\/v2\/types\/page"}],"author":[{"embeddable":true,"href":"https:\/\/www.ime.unicamp.br\/~ddnovaes\/index.php\/wp-json\/wp\/v2\/users\/1"}],"replies":[{"embeddable":true,"href":"https:\/\/www.ime.unicamp.br\/~ddnovaes\/index.php\/wp-json\/wp\/v2\/comments?post=2"}],"version-history":[{"count":51,"href":"https:\/\/www.ime.unicamp.br\/~ddnovaes\/index.php\/wp-json\/wp\/v2\/pages\/2\/revisions"}],"predecessor-version":[{"id":2375,"href":"https:\/\/www.ime.unicamp.br\/~ddnovaes\/index.php\/wp-json\/wp\/v2\/pages\/2\/revisions\/2375"}],"wp:attachment":[{"href":"https:\/\/www.ime.unicamp.br\/~ddnovaes\/index.php\/wp-json\/wp\/v2\/media?parent=2"}],"curies":[{"name":"wp","href":"https:\/\/api.w.org\/{rel}","templated":true}]}}