{"id":15,"date":"2015-11-30T23:42:03","date_gmt":"2015-11-30T23:42:03","guid":{"rendered":"http:\/\/www.ime.unicamp.br\/~ddnovaes\/?page_id=15"},"modified":"2025-11-17T10:59:50","modified_gmt":"2025-11-17T10:59:50","slug":"orientacoes","status":"publish","type":"page","link":"https:\/\/www.ime.unicamp.br\/~ddnovaes\/index.php\/orientacoes\/","title":{"rendered":"Orienta\u00e7\u00f5es"},"content":{"rendered":"<h3><span style=\"color: #993300;\"><em><strong>Em andamento:<\/strong><\/em><\/span><\/h3>\n<h3><strong>Doutorado<\/strong><\/h3>\n<ol>\n<li><a href=\"http:\/\/lattes.cnpq.br\/1160849278121424\" target=\"_blank\" rel=\"noopener noreferrer\">Pedro Campos Christo Rodrigues Pereira<\/a> &#8211; FAPESP<\/li>\n<li><a href=\"http:\/\/lattes.cnpq.br\/9469078525280810\" target=\"_blank\" rel=\"noopener noreferrer\">Guilherme Corsini Costa<\/a> &#8211; CAPES<\/li>\n<li><a href=\"http:\/\/lattes.cnpq.br\/8441332449347118\">Eduarda Dutra de Almeida<\/a> &#8211; CAPES<\/li>\n<li><a href=\"http:\/\/lattes.cnpq.br\/8209674666324517\">Luana Ascoli<\/a> &#8211; FAPESP<\/li>\n<\/ol>\n<h3><strong>Me<\/strong><strong>strado<\/strong><\/h3>\n<h3><strong>Inicia\u00e7\u00e3o Cient\u00edfica<\/strong><\/h3>\n<ol>\n<li><a href=\"http:\/\/lattes.cnpq.br\/0356936863831726\">Bianca Serpa Castanho<\/a> &#8211; CNPq<\/li>\n<\/ol>\n<h3><strong>Supervis\u00e3o de P\u00f3s-Doutorado<\/strong><\/h3>\n<ol>\n<li><a href=\"http:\/\/lattes.cnpq.br\/1358738487670928\" target=\"_blank\" rel=\"noopener\">Lucas Queiroz Arakaki<\/a> &#8211; FAPESP<\/li>\n<\/ol>\n<h3><span style=\"color: #993300;\"><b><i>Conclu\u00eddas<\/i><\/b><em style=\"color: #000000;\"><strong>:<\/strong><\/em><\/span><\/h3>\n<h3><strong>Doutorado<\/strong><\/h3>\n<ol>\n<li><a href=\"http:\/\/lattes.cnpq.br\/0856384360952294\" target=\"_blank\" rel=\"noopener noreferrer\">Luan Vinicio de Mattos Ferreira Silva<\/a> &#8211; FAPESP, 2024.\u00a0<a href=\"https:\/\/youtu.be\/Fn_LhLPhCW0?si=5XgpVXVdbZmzP8sG\" target=\"_blank\" rel=\"noopener\">V\u00eddeo da Defesa<\/a>.<br \/>\n<h5><a href=\"https:\/\/hdl.handle.net\/20.500.12733\/18689\" target=\"_blank\" rel=\"noopener\">Invariant tori, boundedness of solutions, and periodic orbits in a class of non-smooth oscillators<\/a><\/h5>\n<\/li>\n<li><a href=\"http:\/\/lattes.cnpq.br\/3343717108500167\" target=\"_blank\" rel=\"noopener noreferrer\">Francisco Bruno Gomes da Silva<\/a> &#8211; FAPESP, 2024. <a href=\"https:\/\/youtu.be\/jJnVDaf9luU?si=MHr5rXalr6_47WbI\" target=\"_blank\" rel=\"noopener\">V\u00eddeo da Defesa<\/a>.<br \/>\n<h5><a href=\"https:\/\/hdl.handle.net\/20.500.12733\/19001\" target=\"_blank\" rel=\"noopener\">Topological Methods in the Study of Periodic Solutions of Non-Smooth Differential Equations<\/a><\/h5>\n<\/li>\n<li><a href=\"http:\/\/lattes.cnpq.br\/1600979159616169\" target=\"_blank\" rel=\"noopener noreferrer\">Leandro Afonso da Silva<\/a> &#8211; CAPES, 2024. <a href=\"https:\/\/www.youtube.com\/watch?v=85-I6fYvBmg\" target=\"_blank\" rel=\"noopener\">V\u00eddeo da Defesa<\/a>.<br \/>\n<h5><a href=\"https:\/\/doi.org\/10.47749\/T\/UNICAMP.2024.1404216\">The cyclicity and isochronicity problems for monodromic tangential singularities in Filippov systems<\/a><\/h5>\n<\/li>\n<li><a href=\"http:\/\/lattes.cnpq.br\/4022298038284688\" target=\"_blank\" rel=\"noopener\">Matheus Goncalves Cassiano da Cunha<\/a> &#8211; CAPES, 2024.<br \/>\n<h5>Complexity of Sliding Shilnikov Connections in Filippov Systems &amp; Hyperbolicity for Infinite Delayed Difference Equations<\/h5>\n<\/li>\n<li><a href=\"http:\/\/lattes.cnpq.br\/8989257449306093\" target=\"_blank\" rel=\"noopener noreferrer\">Joan Sebastian Gaitan Rivera<\/a> &#8211; CAPES, 2024.<br \/>\n<h5>Existence and stability of invariant tori via Neimark-Sacker bifurcation and an application to 3D piecewise linear differential systems<\/h5>\n<\/li>\n<li><a href=\"http:\/\/lattes.cnpq.br\/8013412145863592\" target=\"_blank\" rel=\"noopener noreferrer\">Dayane Ribeiro Cruz<\/a> &#8211; CAPES, 2021. <a href=\"https:\/\/youtu.be\/D11gTd5-lQc\" target=\"_blank\" rel=\"noopener noreferrer\">V\u00eddeo da defesa<\/a>.<br \/>\n<h5><a style=\"font-size: 0.9em;\" href=\"https:\/\/hdl.handle.net\/20.500.12733\/1641933\" target=\"_blank\" rel=\"noopener noreferrer\">Ana\u0301lise de Melnikov em Sistemas Diferenciais Desconti\u0301nuos com Variedade de Descontinuidade Na\u0303o-Linear<\/a><\/h5>\n<\/li>\n<li><a href=\"http:\/\/lattes.cnpq.br\/2581456463573980\" target=\"_blank\" rel=\"noopener noreferrer\">Gabriel Alexis Rond\u00f3n Vielma<\/a> &#8211; CNPq, 2020. <a href=\"https:\/\/www.youtube.com\/watch?v=HI9XyJtMadk&amp;ab_channel=Prof.DouglasD.Novaes\" target=\"_blank\" rel=\"noopener noreferrer\">V\u00eddeo da defesa<\/a>.<br \/>\n<h5><a style=\"font-size: 0.9em;\" href=\"https:\/\/hdl.handle.net\/20.500.12733\/1639802\" target=\"_blank\" rel=\"noopener noreferrer\"><em>Regularization of Filippov systems near regular-tangential singularities and polycycles.<\/em><\/a><\/h5>\n<\/li>\n<\/ol>\n<h3><strong>Mestrado<\/strong><\/h3>\n<ol>\n<li>Luana Ascoli &#8211; FAPESP, 2025.<br \/>\n<h5>Comportamento assint\u00f3tico do n\u00famero de Hilbert em campos vetoriais planares polinomiais e polinomiais por partes<\/h5>\n<\/li>\n<li><a href=\"http:\/\/lattes.cnpq.br\/9469078525280810\" target=\"_blank\" rel=\"noopener noreferrer\">Guilherme Corsini Costa<\/a> &#8211; CAPES, 2023.<br \/>\n<h5><a href=\"https:\/\/hdl.handle.net\/20.500.12733\/14073\" target=\"_blank\" rel=\"noopener\">Caracteriza\u00e7\u00e3o integral dos mapas de meio retorno de Poincar\u00e9 e suas aplica\u00e7\u00f5es<\/a><\/h5>\n<\/li>\n<li>\n<h5><a style=\"font-size: 16px;\" href=\"http:\/\/lattes.cnpq.br\/7958658565249654\" target=\"_blank\" rel=\"noopener noreferrer\">Let\u00edcia Souza C\u00e2ndido<\/a><span style=\"font-size: 16px;\"> &#8211; CAPES, 2023.<br \/>\n<\/span><a href=\"https:\/\/hdl.handle.net\/20.500.12733\/13531\" target=\"_blank\" rel=\"noopener\">Sliding Shilnikov Orbit: theoretical aspects and applications in biological systems<\/a><\/h5>\n<\/li>\n<li><a href=\"http:\/\/lattes.cnpq.br\/1160849278121424\" target=\"_blank\" rel=\"noopener noreferrer\">Pedro Campos Christo Rodrigues Pereira<\/a> &#8211; CNPq, 2021.<br \/>\n<h5><a href=\"https:\/\/hdl.handle.net\/20.500.12733\/1641249\" target=\"_blank\" rel=\"noopener\"><em>Persistence of invariant tori in singularly perturbed systems and the averaging method<\/em><\/a><\/h5>\n<\/li>\n<li><a href=\"http:\/\/lattes.cnpq.br\/1600979159616169\" target=\"_blank\" rel=\"noopener noreferrer\">Leandro Afonso da Silva<\/a> &#8211; CAPES, 2019.<br \/>\n<h5><a href=\"https:\/\/hdl.handle.net\/20.500.12733\/1636686\" target=\"_blank\" rel=\"noopener noreferrer\"><em>O Problema Centro-Foco para Campos Vetoriais Anal\u00edticos e Anal\u00edticos por Partes<\/em><\/a><\/h5>\n<\/li>\n<li><a href=\"http:\/\/lattes.cnpq.br\/3343717108500167\" target=\"_blank\" rel=\"noopener noreferrer\">Francisco Bruno Gomes da Silva<\/a>\u00a0&#8211; FAEPEX, 2019.<br \/>\n<h5><a href=\"https:\/\/hdl.handle.net\/20.500.12733\/1636360\" target=\"_blank\" rel=\"noopener noreferrer\"><em>Topological Methods in the Study of Periodic Solutions of Continuous Differential Equations<\/em><\/a><\/h5>\n<\/li>\n<li><a href=\"http:\/\/lattes.cnpq.br\/0856384360952294\" target=\"_blank\" rel=\"noopener noreferrer\">Luan Vinicio de Mattos Ferreira Silva<\/a>\u00a0&#8211; FAPESP, 2019.<br \/>\n<h5><a href=\"https:\/\/hdl.handle.net\/20.500.12733\/1636061\" target=\"_blank\" rel=\"noopener noreferrer\"><em>Teoria KAM e M\u00e9todo de Melnikov Aplicados aos Sistemas Descont\u00ednuos<\/em><\/a><\/h5>\n<\/li>\n<li><a href=\"http:\/\/lattes.cnpq.br\/8989257449306093\" target=\"_blank\" rel=\"noopener noreferrer\">Joan Sebastian Gaitan Rivera<\/a>\u00a0&#8211; CAPES, 2018.<br \/>\n<h5><em><a href=\"https:\/\/hdl.handle.net\/20.500.12733\/1634797\" target=\"_blank\" rel=\"noopener noreferrer\">Regulariza\u00e7\u00e3o e Modos n\u00e3o Lineares de Deslize em Sistemas Descont\u00ednuos.<\/a><\/em><\/h5>\n<\/li>\n<\/ol>\n<h3><strong>Inicia\u00e7\u00e3o Cient\u00edfica<\/strong><\/h3>\n<ol>\n<li><a href=\"http:\/\/lattes.cnpq.br\/6867698974377854\" target=\"_blank\" rel=\"noopener noreferrer\">Luis Felipe da Silveira<\/a> &#8211; CAPES, 2019<\/li>\n<li><a href=\"http:\/\/buscatextual.cnpq.br\/buscatextual\/visualizacv.do?id=K2526958E1\" target=\"_blank\" rel=\"noopener noreferrer\">Matheus Luan Benevides de Oliveira<\/a> &#8211; CAPES, 2019<\/li>\n<li><a href=\"http:\/\/lattes.cnpq.br\/4478192495772892\" target=\"_blank\" rel=\"noopener noreferrer\">Bruno Assump\u00e7\u00e3o Prevideli<\/a> &#8211; CNPq, 2020<\/li>\n<li><a href=\"http:\/\/lattes.cnpq.br\/0292210771493355\" target=\"_blank\" rel=\"noopener\">Clara Benetti Lovate<\/a> &#8211; PIBIC, 2023<\/li>\n<\/ol>\n<h3><strong>Supervis\u00e3o de P\u00f3s-Doutorado<\/strong><\/h3>\n<ol>\n<li><a href=\"http:\/\/lattes.cnpq.br\/0412068091623479\" target=\"_blank\" rel=\"noopener\">Luiz Fernando da Silva Gouveia<\/a> &#8211; UNICAMP, 2025<\/li>\n<li><a href=\"http:\/\/lattes.cnpq.br\/1561942795469040\" target=\"_blank\" rel=\"noopener noreferrer\">Oscar Alexander Ram\u00edrez Cespedes<\/a>, 2022<\/li>\n<li><a href=\"http:\/\/lattes.cnpq.br\/4362994076056915\" target=\"_blank\" rel=\"noopener noreferrer\">Iris de Oliveira Zeli<\/a><\/li>\n<\/ol>\n","protected":false},"excerpt":{"rendered":"<p>Em andamento: Doutorado Pedro Campos Christo Rodrigues Pereira &#8211; FAPESP Guilherme Corsini Costa &#8211; CAPES Eduarda Dutra de Almeida &#8211; CAPES Luana Ascoli &#8211; FAPESP Mestrado Inicia\u00e7\u00e3o Cient\u00edfica Bianca Serpa Castanho &#8211; CNPq Supervis\u00e3o de P\u00f3s-Doutorado Lucas Queiroz Arakaki &#8211; &hellip; <a href=\"https:\/\/www.ime.unicamp.br\/~ddnovaes\/index.php\/orientacoes\/\">Continue lendo <span class=\"meta-nav\">&rarr;<\/span><\/a><\/p>\n","protected":false},"author":1,"featured_media":0,"parent":0,"menu_order":4,"comment_status":"closed","ping_status":"closed","template":"","meta":[],"_links":{"self":[{"href":"https:\/\/www.ime.unicamp.br\/~ddnovaes\/index.php\/wp-json\/wp\/v2\/pages\/15"}],"collection":[{"href":"https:\/\/www.ime.unicamp.br\/~ddnovaes\/index.php\/wp-json\/wp\/v2\/pages"}],"about":[{"href":"https:\/\/www.ime.unicamp.br\/~ddnovaes\/index.php\/wp-json\/wp\/v2\/types\/page"}],"author":[{"embeddable":true,"href":"https:\/\/www.ime.unicamp.br\/~ddnovaes\/index.php\/wp-json\/wp\/v2\/users\/1"}],"replies":[{"embeddable":true,"href":"https:\/\/www.ime.unicamp.br\/~ddnovaes\/index.php\/wp-json\/wp\/v2\/comments?post=15"}],"version-history":[{"count":100,"href":"https:\/\/www.ime.unicamp.br\/~ddnovaes\/index.php\/wp-json\/wp\/v2\/pages\/15\/revisions"}],"predecessor-version":[{"id":2399,"href":"https:\/\/www.ime.unicamp.br\/~ddnovaes\/index.php\/wp-json\/wp\/v2\/pages\/15\/revisions\/2399"}],"wp:attachment":[{"href":"https:\/\/www.ime.unicamp.br\/~ddnovaes\/index.php\/wp-json\/wp\/v2\/media?parent=15"}],"curies":[{"name":"wp","href":"https:\/\/api.w.org\/{rel}","templated":true}]}}