{"id":588,"date":"2025-06-13T16:43:33","date_gmt":"2025-06-13T16:43:33","guid":{"rendered":"http:\/\/lem.local\/?page_id=588"},"modified":"2025-08-21T23:53:49","modified_gmt":"2025-08-21T23:53:49","slug":"sobre-nos","status":"publish","type":"page","link":"https:\/\/www.ime.unicamp.br\/lem\/sobre-nos\/","title":{"rendered":"Sobre n\u00f3s"},"content":{"rendered":"\t\t<div data-elementor-type=\"wp-page\" data-elementor-id=\"588\" class=\"elementor elementor-588\">\n\t\t\t\t<div class=\"elementor-element elementor-element-f573e82 e-flex e-con-boxed wpr-particle-no wpr-jarallax-no wpr-parallax-no wpr-sticky-section-no e-con e-parent\" data-id=\"f573e82\" data-element_type=\"container\" data-settings=\"{&quot;background_background&quot;:&quot;classic&quot;}\">\n\t\t\t\t\t<div class=\"e-con-inner\">\n\t\t\t\t<div class=\"elementor-element elementor-element-2fea3d6 elementor-widget elementor-widget-heading\" data-id=\"2fea3d6\" data-element_type=\"widget\" data-widget_type=\"heading.default\">\n\t\t\t\t<div class=\"elementor-widget-container\">\n\t\t\t\t\t<h2 class=\"elementor-heading-title elementor-size-default\">Conhe\u00e7a o LEM<\/h2>\t\t\t\t<\/div>\n\t\t\t\t<\/div>\n\t\t\t\t\t<\/div>\n\t\t\t\t<\/div>\n\t\t<div class=\"elementor-element elementor-element-2b45c30 e-flex e-con-boxed wpr-particle-no wpr-jarallax-no wpr-parallax-no wpr-sticky-section-no e-con e-parent\" data-id=\"2b45c30\" data-element_type=\"container\">\n\t\t\t\t\t<div class=\"e-con-inner\">\n\t\t<div class=\"elementor-element elementor-element-6754674 e-con-full e-flex wpr-particle-no wpr-jarallax-no wpr-parallax-no wpr-sticky-section-no e-con e-child\" data-id=\"6754674\" data-element_type=\"container\">\n\t\t\t\t<div class=\"elementor-element elementor-element-66e0ad7 elementor-widget elementor-widget-heading\" data-id=\"66e0ad7\" data-element_type=\"widget\" data-widget_type=\"heading.default\">\n\t\t\t\t<div class=\"elementor-widget-container\">\n\t\t\t\t\t<h2 class=\"elementor-heading-title elementor-size-default\">Transformando o Ensino de Matem\u00e1tica<\/h2>\t\t\t\t<\/div>\n\t\t\t\t<\/div>\n\t\t\t\t<div class=\"elementor-element elementor-element-55da6ef elementor-widget elementor-widget-text-editor\" data-id=\"55da6ef\" data-element_type=\"widget\" data-widget_type=\"text-editor.default\">\n\t\t\t\t<div class=\"elementor-widget-container\">\n\t\t\t\t\t\t\t\t\tO Laborat\u00f3rio de Ensino de Matem\u00e1tica (LEM \u2013 IMECC \u2013 UNICAMP) contribui com o ensino de Matem\u00e1tica, promovendo atividades para o aperfei\u00e7oamento dos profissionais de Matem\u00e1tica apoiando a\u00e7\u00f5es de forma\u00e7\u00e3o junto ao curso de Licenciatura em Matem\u00e1tica do IMECC\u2212UNICAMP.\nA equipe do LEM \u00e9 formada por professores e estudantes bolsistas do curso de Licenciatura em Matem\u00e1tica. O LEM oferece cursos, oficinas, visitas e promove eventos sobre o ensino de Matem\u00e1tica em diversos n\u00edveis.\n\t\t\t\t\t\t\t\t<\/div>\n\t\t\t\t<\/div>\n\t\t\t\t<div class=\"elementor-element elementor-element-5b5b3a9 elementor-widget elementor-widget-button\" data-id=\"5b5b3a9\" data-element_type=\"widget\" data-widget_type=\"button.default\">\n\t\t\t\t<div class=\"elementor-widget-container\">\n\t\t\t\t\t\t\t\t\t<div class=\"elementor-button-wrapper\">\n\t\t\t\t\t<a class=\"elementor-button elementor-button-link elementor-size-sm\" href=\"https:\/\/www.ime.unicamp.br\/lem\/agende-uma-visita\/\">\n\t\t\t\t\t\t<span class=\"elementor-button-content-wrapper\">\n\t\t\t\t\t\t\t\t\t<span class=\"elementor-button-text\">Agende uma visita<\/span>\n\t\t\t\t\t<\/span>\n\t\t\t\t\t<\/a>\n\t\t\t\t<\/div>\n\t\t\t\t\t\t\t\t<\/div>\n\t\t\t\t<\/div>\n\t\t\t\t<\/div>\n\t\t<div class=\"elementor-element elementor-element-b279ddf e-con-full e-flex wpr-particle-no wpr-jarallax-no wpr-parallax-no wpr-sticky-section-no e-con e-child\" data-id=\"b279ddf\" data-element_type=\"container\" data-settings=\"{&quot;background_background&quot;:&quot;classic&quot;}\">\n\t\t\t\t<div class=\"elementor-element elementor-element-75c279d elementor-widget elementor-widget-image\" data-id=\"75c279d\" data-element_type=\"widget\" data-widget_type=\"image.default\">\n\t\t\t\t<div class=\"elementor-widget-container\">\n\t\t\t\t\t\t\t\t\t\t\t\t\t\t\t<img fetchpriority=\"high\" decoding=\"async\" width=\"768\" height=\"1024\" src=\"https:\/\/www.ime.unicamp.br\/lem\/wp-content\/uploads\/2025\/06\/oficinas-768x1024.jpeg\" class=\"attachment-large size-large wp-image-596\" alt=\"Oficinas\" srcset=\"https:\/\/www.ime.unicamp.br\/lem\/wp-content\/uploads\/2025\/06\/oficinas-768x1024.jpeg 768w, https:\/\/www.ime.unicamp.br\/lem\/wp-content\/uploads\/2025\/06\/oficinas-225x300.jpeg 225w, https:\/\/www.ime.unicamp.br\/lem\/wp-content\/uploads\/2025\/06\/oficinas-1152x1536.jpeg 1152w, https:\/\/www.ime.unicamp.br\/lem\/wp-content\/uploads\/2025\/06\/oficinas.jpeg 1200w\" sizes=\"(max-width: 768px) 100vw, 768px\" \/>\t\t\t\t\t\t\t\t\t\t\t\t\t\t\t<\/div>\n\t\t\t\t<\/div>\n\t\t\t\t<\/div>\n\t\t\t\t\t<\/div>\n\t\t\t\t<\/div>\n\t\t<div class=\"elementor-element elementor-element-2cfc07e e-flex e-con-boxed wpr-particle-no wpr-jarallax-no wpr-parallax-no wpr-sticky-section-no e-con e-parent\" data-id=\"2cfc07e\" data-element_type=\"container\" data-settings=\"{&quot;background_background&quot;:&quot;classic&quot;}\">\n\t\t\t\t\t<div class=\"e-con-inner\">\n\t\t<div class=\"elementor-element elementor-element-74087b5 e-con-full e-flex wpr-particle-no wpr-jarallax-no wpr-parallax-no wpr-sticky-section-no e-con e-child\" data-id=\"74087b5\" data-element_type=\"container\">\n\t\t\t\t<div class=\"elementor-element elementor-element-b071538 elementor-widget elementor-widget-google_maps\" data-id=\"b071538\" data-element_type=\"widget\" data-widget_type=\"google_maps.default\">\n\t\t\t\t<div class=\"elementor-widget-container\">\n\t\t\t\t\t\t\t<div class=\"elementor-custom-embed\">\n\t\t\t<iframe loading=\"lazy\"\n\t\t\t\t\tsrc=\"https:\/\/maps.google.com\/maps?q=Laborat%C3%B3rio%20de%20Ensino%20de%20Matem%C3%A1tica%2C%20Cidade%20Universit%C3%A1ria%2C%20Campinas%20-%20State%20of%20S%C3%A3o%20Paulo%2C%2013083-856%2C%20Brazil&#038;t=m&#038;z=15&#038;output=embed&#038;iwloc=near\"\n\t\t\t\t\ttitle=\"Laborat\u00f3rio de Ensino de Matem\u00e1tica, Cidade Universit\u00e1ria, Campinas - State of S\u00e3o Paulo, 13083-856, Brazil\"\n\t\t\t\t\taria-label=\"Laborat\u00f3rio de Ensino de Matem\u00e1tica, Cidade Universit\u00e1ria, Campinas - State of S\u00e3o Paulo, 13083-856, Brazil\"\n\t\t\t><\/iframe>\n\t\t<\/div>\n\t\t\t\t\t\t<\/div>\n\t\t\t\t<\/div>\n\t\t\t\t<\/div>\n\t\t<div class=\"elementor-element elementor-element-f305415 e-con-full e-flex wpr-particle-no wpr-jarallax-no wpr-parallax-no wpr-sticky-section-no e-con e-child\" data-id=\"f305415\" data-element_type=\"container\" data-settings=\"{&quot;background_background&quot;:&quot;classic&quot;}\">\n\t\t\t\t<div class=\"elementor-element elementor-element-75391b7 elementor-widget elementor-widget-heading\" data-id=\"75391b7\" data-element_type=\"widget\" data-widget_type=\"heading.default\">\n\t\t\t\t<div class=\"elementor-widget-container\">\n\t\t\t\t\t<h2 class=\"elementor-heading-title elementor-size-default\">Onde fica o LEM?<\/h2>\t\t\t\t<\/div>\n\t\t\t\t<\/div>\n\t\t\t\t<div class=\"elementor-element elementor-element-56c9b32 elementor-widget elementor-widget-text-editor\" data-id=\"56c9b32\" data-element_type=\"widget\" data-widget_type=\"text-editor.default\">\n\t\t\t\t<div class=\"elementor-widget-container\">\n\t\t\t\t\t\t\t\t\t<p>O LEM fica no Anexo II, o pr\u00e9dio atr\u00e1s do IMECC.<\/p>\t\t\t\t\t\t\t\t<\/div>\n\t\t\t\t<\/div>\n\t\t\t\t<\/div>\n\t\t\t\t\t<\/div>\n\t\t\t\t<\/div>\n\t\t\t\t<\/div>\n\t\t","protected":false},"excerpt":{"rendered":"<p>Conhe\u00e7a o LEM Transformando o Ensino de Matem\u00e1tica O Laborat\u00f3rio de Ensino de Matem\u00e1tica (LEM \u2013 IMECC \u2013 UNICAMP) contribui com o ensino de Matem\u00e1tica, promovendo atividades para o aperfei\u00e7oamento dos profissionais de Matem\u00e1tica apoiando a\u00e7\u00f5es de forma\u00e7\u00e3o junto ao curso de Licenciatura em Matem\u00e1tica do IMECC\u2212UNICAMP. A equipe do LEM \u00e9 formada por professores e estudantes bolsistas do curso de Licenciatura em Matem\u00e1tica. O LEM oferece cursos, oficinas, visitas e promove eventos sobre o ensino de Matem\u00e1tica em diversos n\u00edveis. Agende uma visita Onde fica o LEM? O LEM fica no Anexo II, o pr\u00e9dio atr\u00e1s do IMECC.<\/p>\n","protected":false},"author":1,"featured_media":0,"parent":0,"menu_order":0,"comment_status":"closed","ping_status":"closed","template":"","meta":{"footnotes":""},"class_list":["post-588","page","type-page","status-publish","hentry"],"_links":{"self":[{"href":"https:\/\/www.ime.unicamp.br\/lem\/wp-json\/wp\/v2\/pages\/588","targetHints":{"allow":["GET"]}}],"collection":[{"href":"https:\/\/www.ime.unicamp.br\/lem\/wp-json\/wp\/v2\/pages"}],"about":[{"href":"https:\/\/www.ime.unicamp.br\/lem\/wp-json\/wp\/v2\/types\/page"}],"author":[{"embeddable":true,"href":"https:\/\/www.ime.unicamp.br\/lem\/wp-json\/wp\/v2\/users\/1"}],"replies":[{"embeddable":true,"href":"https:\/\/www.ime.unicamp.br\/lem\/wp-json\/wp\/v2\/comments?post=588"}],"version-history":[{"count":55,"href":"https:\/\/www.ime.unicamp.br\/lem\/wp-json\/wp\/v2\/pages\/588\/revisions"}],"predecessor-version":[{"id":864,"href":"https:\/\/www.ime.unicamp.br\/lem\/wp-json\/wp\/v2\/pages\/588\/revisions\/864"}],"wp:attachment":[{"href":"https:\/\/www.ime.unicamp.br\/lem\/wp-json\/wp\/v2\/media?parent=588"}],"curies":[{"name":"wp","href":"https:\/\/api.w.org\/{rel}","templated":true}]}}