{"id":198,"date":"2025-05-30T01:53:07","date_gmt":"2025-05-30T01:53:07","guid":{"rendered":"http:\/\/lem.local\/material-de-apoio-3\/"},"modified":"2025-08-21T23:57:13","modified_gmt":"2025-08-21T23:57:13","slug":"jornal","status":"publish","type":"page","link":"https:\/\/www.ime.unicamp.br\/lem\/jornal\/","title":{"rendered":"Jornal"},"content":{"rendered":"\t\t<div data-elementor-type=\"wp-page\" data-elementor-id=\"198\" class=\"elementor elementor-198\">\n\t\t\t\t<div class=\"elementor-element elementor-element-100db4a9 e-flex e-con-boxed wpr-particle-no wpr-jarallax-no wpr-parallax-no wpr-sticky-section-no e-con e-parent\" data-id=\"100db4a9\" data-element_type=\"container\" data-settings=\"{&quot;background_background&quot;:&quot;classic&quot;}\">\n\t\t\t\t\t<div class=\"e-con-inner\">\n\t\t\t\t<div class=\"elementor-element elementor-element-daad65b elementor-widget elementor-widget-heading\" data-id=\"daad65b\" data-element_type=\"widget\" data-widget_type=\"heading.default\">\n\t\t\t\t<div class=\"elementor-widget-container\">\n\t\t\t\t\t<h2 class=\"elementor-heading-title elementor-size-default\">O UBIRATAN<\/h2>\t\t\t\t<\/div>\n\t\t\t\t<\/div>\n\t\t\t\t<div class=\"elementor-element elementor-element-ff1c064 elementor-widget elementor-widget-heading\" data-id=\"ff1c064\" data-element_type=\"widget\" data-widget_type=\"heading.default\">\n\t\t\t\t<div class=\"elementor-widget-container\">\n\t\t\t\t\t<h2 class=\"elementor-heading-title elementor-size-default\">O  Jornal do LEM<\/h2>\t\t\t\t<\/div>\n\t\t\t\t<\/div>\n\t\t\t\t\t<\/div>\n\t\t\t\t<\/div>\n\t\t<div class=\"elementor-element elementor-element-0b38548 e-flex e-con-boxed wpr-particle-no wpr-jarallax-no wpr-parallax-no wpr-sticky-section-no e-con e-parent\" data-id=\"0b38548\" data-element_type=\"container\">\n\t\t\t\t\t<div class=\"e-con-inner\">\n\t\t\t\t<div class=\"elementor-element elementor-element-40b43a7 elementor-widget elementor-widget-heading\" data-id=\"40b43a7\" data-element_type=\"widget\" data-widget_type=\"heading.default\">\n\t\t\t\t<div class=\"elementor-widget-container\">\n\t\t\t\t\t<h2 class=\"elementor-heading-title elementor-size-default\">Por que o Ubiratan?<\/h2>\t\t\t\t<\/div>\n\t\t\t\t<\/div>\n\t\t\t\t<div class=\"elementor-element elementor-element-6f1cc81 elementor-widget elementor-widget-text-editor\" data-id=\"6f1cc81\" data-element_type=\"widget\" data-widget_type=\"text-editor.default\">\n\t\t\t\t<div class=\"elementor-widget-container\">\n\t\t\t\t\t\t\t\t\t<p>Ubiratan D\u2019Ambrosio trouxe muitas raz\u00f5es para ser reconhecido mundialmente. Figura not\u00e1vel da educa\u00e7\u00e3o matem\u00e1tica, ele n\u00e3o mediu esfor\u00e7os e se empenhou com profundidade e compromisso em todos os seus trabalhos \u2014 fosse na pesquisa acad\u00eamica ou na atua\u00e7\u00e3o docente. Depois de uma vida inteira dedicada ao avan\u00e7o da matem\u00e1tica e seu ensino, foi consagrado com diversos pr\u00eamios de prest\u00edgio internacional e, agora, imortalizado pelo Jornal do LEM como s\u00edmbolo de inspira\u00e7\u00e3o e legado. Conhe\u00e7a nosso patrono (e muito mais)!<\/p>\t\t\t\t\t\t\t\t<\/div>\n\t\t\t\t<\/div>\n\t\t\t\t\t<\/div>\n\t\t\t\t<\/div>\n\t\t<div class=\"elementor-element elementor-element-f7209d4 e-flex e-con-boxed wpr-particle-no wpr-jarallax-no wpr-parallax-no wpr-sticky-section-no e-con e-parent\" data-id=\"f7209d4\" data-element_type=\"container\" data-settings=\"{&quot;background_background&quot;:&quot;classic&quot;}\">\n\t\t\t\t\t<div class=\"e-con-inner\">\n\t\t\t\t<div class=\"elementor-element elementor-element-cf492be elementor-widget elementor-widget-heading\" data-id=\"cf492be\" data-element_type=\"widget\" data-widget_type=\"heading.default\">\n\t\t\t\t<div class=\"elementor-widget-container\">\n\t\t\t\t\t<h2 class=\"elementor-heading-title elementor-size-default\">Clique no bot\u00e3o abaixo e inscreva-se para receber o jornal do LEM<\/h2>\t\t\t\t<\/div>\n\t\t\t\t<\/div>\n\t\t\t\t<div class=\"elementor-element elementor-element-a9aa408 elementor-widget elementor-widget-heading\" data-id=\"a9aa408\" data-element_type=\"widget\" data-widget_type=\"heading.default\">\n\t\t\t\t<div class=\"elementor-widget-container\">\n\t\t\t\t\t<h2 class=\"elementor-heading-title elementor-size-default\">O jornal do LEM \u00e9 publicado no Substack. Clique no bot\u00e3o, coloque seu e-mail e inscreva-se para acompanhar o \"O UBIRATAN\" <\/h2>\t\t\t\t<\/div>\n\t\t\t\t<\/div>\n\t\t\t\t<div class=\"elementor-element elementor-element-d81eb30 elementor-align-center elementor-widget elementor-widget-button\" data-id=\"d81eb30\" data-element_type=\"widget\" data-widget_type=\"button.default\">\n\t\t\t\t<div class=\"elementor-widget-container\">\n\t\t\t\t\t\t\t\t\t<div class=\"elementor-button-wrapper\">\n\t\t\t\t\t<a class=\"elementor-button elementor-button-link elementor-size-sm\" href=\"https:\/\/lemunicamp.substack.com\/\">\n\t\t\t\t\t\t<span class=\"elementor-button-content-wrapper\">\n\t\t\t\t\t\t\t\t\t<span class=\"elementor-button-text\">Inscreva-se<\/span>\n\t\t\t\t\t<\/span>\n\t\t\t\t\t<\/a>\n\t\t\t\t<\/div>\n\t\t\t\t\t\t\t\t<\/div>\n\t\t\t\t<\/div>\n\t\t\t\t\t<\/div>\n\t\t\t\t<\/div>\n\t\t<div class=\"elementor-element elementor-element-0e29a77 e-flex e-con-boxed wpr-particle-no wpr-jarallax-no wpr-parallax-no wpr-sticky-section-no e-con e-parent\" data-id=\"0e29a77\" data-element_type=\"container\">\n\t\t\t\t\t<div class=\"e-con-inner\">\n\t\t\t\t<div class=\"elementor-element elementor-element-e137e6e elementor-widget elementor-widget-heading\" data-id=\"e137e6e\" data-element_type=\"widget\" data-widget_type=\"heading.default\">\n\t\t\t\t<div class=\"elementor-widget-container\">\n\t\t\t\t\t<h2 class=\"elementor-heading-title elementor-size-default\">Primeiras Edi\u00e7\u00f5es do \"O Ubiratan\"<\/h2>\t\t\t\t<\/div>\n\t\t\t\t<\/div>\n\t\t\t\t<div class=\"elementor-element elementor-element-e7ed953 elementor-widget-divider--view-line elementor-widget elementor-widget-divider\" data-id=\"e7ed953\" data-element_type=\"widget\" data-widget_type=\"divider.default\">\n\t\t\t\t<div class=\"elementor-widget-container\">\n\t\t\t\t\t\t\t<div class=\"elementor-divider\">\n\t\t\t<span class=\"elementor-divider-separator\">\n\t\t\t\t\t\t<\/span>\n\t\t<\/div>\n\t\t\t\t\t\t<\/div>\n\t\t\t\t<\/div>\n\t\t\t\t\t<\/div>\n\t\t\t\t<\/div>\n\t\t<div class=\"elementor-element elementor-element-e9481b9 e-flex e-con-boxed wpr-particle-no wpr-jarallax-no wpr-parallax-no wpr-sticky-section-no e-con e-parent\" data-id=\"e9481b9\" data-element_type=\"container\">\n\t\t\t\t\t<div class=\"e-con-inner\">\n\t\t\t\t<div class=\"elementor-element elementor-element-c46c108 elementor-widget__width-initial elementor-widget elementor-widget-html\" data-id=\"c46c108\" data-element_type=\"widget\" data-widget_type=\"html.default\">\n\t\t\t\t<div class=\"elementor-widget-container\">\n\t\t\t\t\t<div class=\"_df_thumb \" id=\"df_789\"  _slug=\"jornal001\" data-title=\"jornal001\" wpoptions=\"true\" thumb=\"https:\/\/www.ime.unicamp.br\/lem\/wp-content\/uploads\/2025\/07\/Jornal.jpg\" thumbtype=\"\" >Jornal001<\/div><script class=\"df-shortcode-script\" nowprocket type=\"application\/javascript\">window.option_df_789 = {\"outline\":[],\"autoEnableOutline\":\"false\",\"autoEnableThumbnail\":\"false\",\"overwritePDFOutline\":\"false\",\"direction\":\"1\",\"pageSize\":\"0\",\"soundEnable\":\"false\",\"source\":\"https:\\\/\\\/www.ime.unicamp.br\\\/lem\\\/wp-content\\\/uploads\\\/2025\\\/07\\\/UBI001.pdf\",\"wpOptions\":\"true\"}; if(window.DFLIP && window.DFLIP.parseBooks){window.DFLIP.parseBooks();}<\/script>\t\t\t\t<\/div>\n\t\t\t\t<\/div>\n\t\t\t\t<div class=\"elementor-element elementor-element-ab6e373 elementor-widget__width-initial elementor-widget elementor-widget-html\" data-id=\"ab6e373\" data-element_type=\"widget\" data-widget_type=\"html.default\">\n\t\t\t\t<div class=\"elementor-widget-container\">\n\t\t\t\t\t<div class=\"_df_thumb \" id=\"df_797\"  _slug=\"jornal002\" data-title=\"jornal002\" wpoptions=\"true\" thumb=\"https:\/\/www.ime.unicamp.br\/lem\/wp-content\/uploads\/2025\/07\/capa2.jpg\" thumbtype=\"\" >Jornal002<\/div><script class=\"df-shortcode-script\" nowprocket type=\"application\/javascript\">window.option_df_797 = {\"outline\":[],\"autoEnableOutline\":\"false\",\"autoEnableThumbnail\":\"false\",\"overwritePDFOutline\":\"false\",\"direction\":\"1\",\"pageSize\":\"0\",\"soundEnable\":\"false\",\"source\":\"https:\\\/\\\/www.ime.unicamp.br\\\/lem\\\/wp-content\\\/uploads\\\/2025\\\/07\\\/UBI002.pdf\",\"wpOptions\":\"true\"}; if(window.DFLIP && window.DFLIP.parseBooks){window.DFLIP.parseBooks();}<\/script>\t\t\t\t<\/div>\n\t\t\t\t<\/div>\n\t\t\t\t<div class=\"elementor-element elementor-element-ada2c4a elementor-widget__width-initial elementor-widget elementor-widget-html\" data-id=\"ada2c4a\" data-element_type=\"widget\" data-widget_type=\"html.default\">\n\t\t\t\t<div class=\"elementor-widget-container\">\n\t\t\t\t\t<div class=\"_df_thumb \" id=\"df_802\"  _slug=\"jornal003\" data-title=\"jornal003\" wpoptions=\"true\" thumb=\"https:\/\/www.ime.unicamp.br\/lem\/wp-content\/uploads\/2025\/07\/capa3.jpg\" thumbtype=\"\" >Jornal003<\/div><script class=\"df-shortcode-script\" nowprocket type=\"application\/javascript\">window.option_df_802 = {\"outline\":[],\"autoEnableOutline\":\"false\",\"autoEnableThumbnail\":\"false\",\"overwritePDFOutline\":\"false\",\"direction\":\"1\",\"pageSize\":\"0\",\"soundEnable\":\"false\",\"source\":\"https:\\\/\\\/www.ime.unicamp.br\\\/lem\\\/wp-content\\\/uploads\\\/2025\\\/07\\\/UBI003.pdf\",\"wpOptions\":\"true\"}; if(window.DFLIP && window.DFLIP.parseBooks){window.DFLIP.parseBooks();}<\/script>\t\t\t\t<\/div>\n\t\t\t\t<\/div>\n\t\t\t\t\t<\/div>\n\t\t\t\t<\/div>\n\t\t\t\t<\/div>\n\t\t","protected":false},"excerpt":{"rendered":"<p>O UBIRATAN O Jornal do LEM Por que o Ubiratan? Ubiratan D\u2019Ambrosio trouxe muitas raz\u00f5es para ser reconhecido mundialmente. Figura not\u00e1vel da educa\u00e7\u00e3o matem\u00e1tica, ele n\u00e3o mediu esfor\u00e7os e se empenhou com profundidade e compromisso em todos os seus trabalhos \u2014 fosse na pesquisa acad\u00eamica ou na atua\u00e7\u00e3o docente. Depois de uma vida inteira dedicada ao avan\u00e7o da matem\u00e1tica e seu ensino, foi consagrado com diversos pr\u00eamios de prest\u00edgio internacional e, agora, imortalizado pelo Jornal do LEM como s\u00edmbolo de inspira\u00e7\u00e3o e legado. Conhe\u00e7a nosso patrono (e muito mais)! Clique no bot\u00e3o abaixo e inscreva-se para receber o jornal do LEM O jornal do LEM \u00e9 publicado no Substack. Clique no bot\u00e3o, coloque seu e-mail e inscreva-se para acompanhar o &#8220;O UBIRATAN&#8221; Inscreva-se Primeiras Edi\u00e7\u00f5es do &#8220;O Ubiratan&#8221;<\/p>\n","protected":false},"author":1,"featured_media":0,"parent":0,"menu_order":0,"comment_status":"closed","ping_status":"closed","template":"","meta":{"footnotes":""},"class_list":["post-198","page","type-page","status-publish","hentry"],"_links":{"self":[{"href":"https:\/\/www.ime.unicamp.br\/lem\/wp-json\/wp\/v2\/pages\/198","targetHints":{"allow":["GET"]}}],"collection":[{"href":"https:\/\/www.ime.unicamp.br\/lem\/wp-json\/wp\/v2\/pages"}],"about":[{"href":"https:\/\/www.ime.unicamp.br\/lem\/wp-json\/wp\/v2\/types\/page"}],"author":[{"embeddable":true,"href":"https:\/\/www.ime.unicamp.br\/lem\/wp-json\/wp\/v2\/users\/1"}],"replies":[{"embeddable":true,"href":"https:\/\/www.ime.unicamp.br\/lem\/wp-json\/wp\/v2\/comments?post=198"}],"version-history":[{"count":90,"href":"https:\/\/www.ime.unicamp.br\/lem\/wp-json\/wp\/v2\/pages\/198\/revisions"}],"predecessor-version":[{"id":870,"href":"https:\/\/www.ime.unicamp.br\/lem\/wp-json\/wp\/v2\/pages\/198\/revisions\/870"}],"wp:attachment":[{"href":"https:\/\/www.ime.unicamp.br\/lem\/wp-json\/wp\/v2\/media?parent=198"}],"curies":[{"name":"wp","href":"https:\/\/api.w.org\/{rel}","templated":true}]}}