{"id":1044,"date":"2026-03-03T15:45:17","date_gmt":"2026-03-03T18:45:17","guid":{"rendered":"https:\/\/www.ime.unicamp.br\/lem\/?page_id=1044"},"modified":"2026-03-12T16:29:36","modified_gmt":"2026-03-12T19:29:36","slug":"impressao3d","status":"publish","type":"page","link":"https:\/\/www.ime.unicamp.br\/lem\/impressao3d\/","title":{"rendered":"Impress\u00e3o 3D"},"content":{"rendered":"\t\t<div data-elementor-type=\"wp-page\" data-elementor-id=\"1044\" class=\"elementor elementor-1044\">\n\t\t\t\t<div class=\"elementor-element elementor-element-94fefe0 e-flex e-con-boxed wpr-particle-no wpr-jarallax-no wpr-parallax-no wpr-sticky-section-no e-con e-parent\" data-id=\"94fefe0\" data-element_type=\"container\" data-settings=\"{&quot;background_background&quot;:&quot;classic&quot;}\">\n\t\t\t\t\t<div class=\"e-con-inner\">\n\t\t\t\t<div class=\"elementor-element elementor-element-3f180c9 elementor-widget elementor-widget-heading\" data-id=\"3f180c9\" data-element_type=\"widget\" data-widget_type=\"heading.default\">\n\t\t\t\t<div class=\"elementor-widget-container\">\n\t\t\t\t\t<h2 class=\"elementor-heading-title elementor-size-default\">Impress\u00e3o 3D no LEM<\/h2>\t\t\t\t<\/div>\n\t\t\t\t<\/div>\n\t\t\t\t\t<\/div>\n\t\t\t\t<\/div>\n\t\t<div class=\"elementor-element elementor-element-8588221 e-flex e-con-boxed wpr-particle-no wpr-jarallax-no wpr-parallax-no wpr-sticky-section-no e-con e-parent\" data-id=\"8588221\" data-element_type=\"container\">\n\t\t\t\t\t<div class=\"e-con-inner\">\n\t\t<div class=\"elementor-element elementor-element-a1fa23e e-con-full e-flex wpr-particle-no wpr-jarallax-no wpr-parallax-no wpr-sticky-section-no e-con e-child\" data-id=\"a1fa23e\" data-element_type=\"container\">\n\t\t<div class=\"elementor-element elementor-element-8d993ed e-con-full e-flex wpr-particle-no wpr-jarallax-no wpr-parallax-no wpr-sticky-section-no e-con e-child\" data-id=\"8d993ed\" data-element_type=\"container\">\n\t\t\t\t<div class=\"elementor-element elementor-element-6642ad0 elementor-widget elementor-widget-heading\" data-id=\"6642ad0\" data-element_type=\"widget\" data-widget_type=\"heading.default\">\n\t\t\t\t<div class=\"elementor-widget-container\">\n\t\t\t\t\t<h2 class=\"elementor-heading-title elementor-size-default\">Venha imprimir em 3D<\/h2>\t\t\t\t<\/div>\n\t\t\t\t<\/div>\n\t\t\t\t<div class=\"elementor-element elementor-element-b400b3c elementor-widget elementor-widget-text-editor\" data-id=\"b400b3c\" data-element_type=\"widget\" data-widget_type=\"text-editor.default\">\n\t\t\t\t<div class=\"elementor-widget-container\">\n\t\t\t\t\t\t\t\t\t<p>Voc\u00ea pode vir ao LEM e imprimir qualquer coisa em 3D! Teremos um monitor para ajudar voc\u00ea caso n\u00e3o saiba usar as impressoras. Venha imprimir c\u00f4nicas, poliedros, quebra-cabe\u00e7as, o que sua imagina\u00e7\u00e3o permitir!<\/p>\n<p>Hor\u00e1rios de monitoria do primeiro semestre de 2026:<\/p>\n<p><span style=\"font-weight: bold;\">Ter\u00e7a-feira<\/span>: 14:15 \u00e0s 15:45<\/p>\n<p><span style=\"font-weight: bold;\">Quarta-feira<\/span>: 16:15 \u00e0s 17:45<\/p>\n<div><span style=\"font-weight: bold;\">Sexta-feira<\/span>: 10:00 \u00e0s 12:00<\/div>\t\t\t\t\t\t\t\t<\/div>\n\t\t\t\t<\/div>\n\t\t\t\t<div class=\"elementor-element elementor-element-199a4ec elementor-widget elementor-widget-text-editor\" data-id=\"199a4ec\" data-element_type=\"widget\" data-widget_type=\"text-editor.default\">\n\t\t\t\t<div class=\"elementor-widget-container\">\n\t\t\t\t\t\t\t\t\t<p>Quer apenas que a gente imprima e voc\u00ea vem buscar? Nos mande sua ideia pelo formul\u00e1rio abaixo:<\/p>\t\t\t\t\t\t\t\t<\/div>\n\t\t\t\t<\/div>\n\t\t\t\t<div class=\"elementor-element elementor-element-80bb146 elementor-widget elementor-widget-button\" data-id=\"80bb146\" data-element_type=\"widget\" data-widget_type=\"button.default\">\n\t\t\t\t<div class=\"elementor-widget-container\">\n\t\t\t\t\t\t\t\t\t<div class=\"elementor-button-wrapper\">\n\t\t\t\t\t<a class=\"elementor-button elementor-button-link elementor-size-sm\" href=\"https:\/\/docs.google.com\/forms\/d\/e\/1FAIpQLSc8LQVPpV8FAAYOHp21RG4QTDQFpzNCAhMWppXTA3m_V7tbBA\/viewform?usp=publish-editor\">\n\t\t\t\t\t\t<span class=\"elementor-button-content-wrapper\">\n\t\t\t\t\t\t\t\t\t<span class=\"elementor-button-text\">Mande sua ideia<\/span>\n\t\t\t\t\t<\/span>\n\t\t\t\t\t<\/a>\n\t\t\t\t<\/div>\n\t\t\t\t\t\t\t\t<\/div>\n\t\t\t\t<\/div>\n\t\t\t\t<\/div>\n\t\t<div class=\"elementor-element elementor-element-e209e5d e-con-full e-flex wpr-particle-no wpr-jarallax-no wpr-parallax-no wpr-sticky-section-no e-con e-child\" data-id=\"e209e5d\" data-element_type=\"container\" data-settings=\"{&quot;background_background&quot;:&quot;classic&quot;}\">\n\t\t\t\t<div class=\"elementor-element elementor-element-2e36ad5 elementor-widget__width-initial elementor-widget elementor-widget-image\" data-id=\"2e36ad5\" data-element_type=\"widget\" data-widget_type=\"image.default\">\n\t\t\t\t<div class=\"elementor-widget-container\">\n\t\t\t\t\t\t\t\t\t\t\t\t\t\t\t<img fetchpriority=\"high\" decoding=\"async\" width=\"1536\" height=\"2048\" src=\"https:\/\/www.ime.unicamp.br\/lem\/wp-content\/uploads\/2026\/03\/impressora-1536x2048.jpg\" class=\"attachment-2048x2048 size-2048x2048 wp-image-1048\" alt=\"\" srcset=\"https:\/\/www.ime.unicamp.br\/lem\/wp-content\/uploads\/2026\/03\/impressora-1536x2048.jpg 1536w, https:\/\/www.ime.unicamp.br\/lem\/wp-content\/uploads\/2026\/03\/impressora-225x300.jpg 225w, https:\/\/www.ime.unicamp.br\/lem\/wp-content\/uploads\/2026\/03\/impressora-768x1024.jpg 768w, https:\/\/www.ime.unicamp.br\/lem\/wp-content\/uploads\/2026\/03\/impressora-1152x1536.jpg 1152w, https:\/\/www.ime.unicamp.br\/lem\/wp-content\/uploads\/2026\/03\/impressora-scaled.jpg 1920w\" sizes=\"(max-width: 1536px) 100vw, 1536px\" \/>\t\t\t\t\t\t\t\t\t\t\t\t\t\t\t<\/div>\n\t\t\t\t<\/div>\n\t\t\t\t<\/div>\n\t\t\t\t<\/div>\n\t\t\t\t\t<\/div>\n\t\t\t\t<\/div>\n\t\t\t\t<\/div>\n\t\t","protected":false},"excerpt":{"rendered":"<p>Impress\u00e3o 3D no LEM Venha imprimir em 3D Voc\u00ea pode vir ao LEM e imprimir qualquer coisa em 3D! Teremos um monitor para ajudar voc\u00ea caso n\u00e3o saiba usar as impressoras. Venha imprimir c\u00f4nicas, poliedros, quebra-cabe\u00e7as, o que sua imagina\u00e7\u00e3o permitir! Hor\u00e1rios de monitoria do primeiro semestre de 2026: Ter\u00e7a-feira: 14:15 \u00e0s 15:45 Quarta-feira: 16:15 \u00e0s 17:45 Sexta-feira: 10:00 \u00e0s 12:00 Quer apenas que a gente imprima e voc\u00ea vem buscar? Nos mande sua ideia pelo formul\u00e1rio abaixo: Mande sua ideia<\/p>\n","protected":false},"author":1,"featured_media":0,"parent":0,"menu_order":0,"comment_status":"closed","ping_status":"closed","template":"","meta":{"footnotes":""},"class_list":["post-1044","page","type-page","status-publish","hentry"],"_links":{"self":[{"href":"https:\/\/www.ime.unicamp.br\/lem\/wp-json\/wp\/v2\/pages\/1044","targetHints":{"allow":["GET"]}}],"collection":[{"href":"https:\/\/www.ime.unicamp.br\/lem\/wp-json\/wp\/v2\/pages"}],"about":[{"href":"https:\/\/www.ime.unicamp.br\/lem\/wp-json\/wp\/v2\/types\/page"}],"author":[{"embeddable":true,"href":"https:\/\/www.ime.unicamp.br\/lem\/wp-json\/wp\/v2\/users\/1"}],"replies":[{"embeddable":true,"href":"https:\/\/www.ime.unicamp.br\/lem\/wp-json\/wp\/v2\/comments?post=1044"}],"version-history":[{"count":8,"href":"https:\/\/www.ime.unicamp.br\/lem\/wp-json\/wp\/v2\/pages\/1044\/revisions"}],"predecessor-version":[{"id":1058,"href":"https:\/\/www.ime.unicamp.br\/lem\/wp-json\/wp\/v2\/pages\/1044\/revisions\/1058"}],"wp:attachment":[{"href":"https:\/\/www.ime.unicamp.br\/lem\/wp-json\/wp\/v2\/media?parent=1044"}],"curies":[{"name":"wp","href":"https:\/\/api.w.org\/{rel}","templated":true}]}}