{"id":12,"date":"2024-08-16T14:41:27","date_gmt":"2024-08-16T17:41:27","guid":{"rendered":"https:\/\/www.ime.unicamp.br\/dynsys\/?page_id=12"},"modified":"2024-10-22T09:54:02","modified_gmt":"2024-10-22T12:54:02","slug":"people","status":"publish","type":"page","link":"https:\/\/www.ime.unicamp.br\/dynsys\/index.php\/people\/","title":{"rendered":"People"},"content":{"rendered":"\n<h2 class=\"wp-block-heading has-text-align-center has-xx-large-font-size\">Researchers<\/h2>\n\n\n\n<div class=\"wp-block-group alignfull has-global-padding is-layout-constrained wp-container-core-group-is-layout-5 wp-block-group-is-layout-constrained\" style=\"margin-top:0;margin-bottom:0;padding-top:var(--wp--preset--spacing--50);padding-right:var(--wp--preset--spacing--50);padding-bottom:var(--wp--preset--spacing--50);padding-left:var(--wp--preset--spacing--50)\">\n<div class=\"wp-block-columns alignwide is-layout-flex wp-container-core-columns-is-layout-1 wp-block-columns-is-layout-flex\" style=\"padding-right:0;padding-left:0\">\n<div class=\"wp-block-column is-layout-flow wp-block-column-is-layout-flow\">\n<figure class=\"wp-block-image size-full\"><img fetchpriority=\"high\" decoding=\"async\" width=\"252\" height=\"252\" src=\"https:\/\/www.ime.unicamp.br\/dynsys\/wp-content\/uploads\/2024\/10\/image-edited.png\" alt=\"\" class=\"wp-image-70\" srcset=\"https:\/\/www.ime.unicamp.br\/dynsys\/wp-content\/uploads\/2024\/10\/image-edited.png 252w, https:\/\/www.ime.unicamp.br\/dynsys\/wp-content\/uploads\/2024\/10\/image-edited-150x150.png 150w\" sizes=\"(max-width: 252px) 100vw, 252px\" \/><\/figure>\n\n\n\n<div class=\"wp-block-group is-vertical is-content-justification-center is-nowrap is-layout-flex wp-container-core-group-is-layout-1 wp-block-group-is-layout-flex\">\n<p class=\"has-text-align-center has-small-font-size\"><strong>Marco Antonio Teixeira<\/strong><\/p>\n\n\n\n<p class=\"has-text-align-center has-small-font-size\">Lattes, website, e-mail<\/p>\n<\/div>\n<\/div>\n\n\n\n<div class=\"wp-block-column is-layout-flow wp-block-column-is-layout-flow\">\n<figure class=\"wp-block-image aligncenter size-full is-resized\"><img decoding=\"async\" width=\"115\" height=\"153\" src=\"https:\/\/www.ime.unicamp.br\/dynsys\/wp-content\/uploads\/2024\/10\/image-1.png\" alt=\"\" class=\"wp-image-68\" style=\"width:187px;height:auto\"\/><\/figure>\n\n\n\n<div class=\"wp-block-group is-vertical is-content-justification-center is-nowrap is-layout-flex wp-container-core-group-is-layout-2 wp-block-group-is-layout-flex\">\n<p class=\"has-text-align-center has-small-font-size\"><strong>Ketty A. de Rezende<\/strong><\/p>\n\n\n\n<p class=\"has-text-align-center has-small-font-size\">Lattes, website, e-mail<\/p>\n<\/div>\n<\/div>\n\n\n\n<div class=\"wp-block-column is-layout-flow wp-block-column-is-layout-flow\">\n<figure class=\"wp-block-image aligncenter size-full is-resized is-style-rounded is-style-rounded--89218c9a347fb7a8223750dcfa34ff1c\"><img decoding=\"async\" width=\"155\" height=\"171\" src=\"https:\/\/www.ime.unicamp.br\/dynsys\/wp-content\/uploads\/2024\/10\/Captura-de-Tela-2024-10-10-as-10.54.51.png\" alt=\"\" class=\"wp-image-78\" style=\"aspect-ratio:1;object-fit:cover;width:237px;height:auto\"\/><\/figure>\n\n\n\n<div class=\"wp-block-group is-vertical is-content-justification-center is-nowrap is-layout-flex wp-container-core-group-is-layout-3 wp-block-group-is-layout-flex\">\n<p class=\"has-text-align-center has-small-font-size\"><strong>Eduardo Garibaldi<\/strong><\/p>\n\n\n\n<p class=\"has-text-align-center has-small-font-size\">Lattes, website, e-mail<\/p>\n<\/div>\n<\/div>\n\n\n\n<div class=\"wp-block-column is-layout-flow wp-block-column-is-layout-flow\">\n<figure class=\"wp-block-image aligncenter size-large is-resized\"><img loading=\"lazy\" decoding=\"async\" width=\"768\" height=\"1024\" src=\"https:\/\/www.ime.unicamp.br\/dynsys\/wp-content\/uploads\/2024\/10\/image-5-768x1024.png\" alt=\"\" class=\"wp-image-75\" style=\"width:193px;height:auto\" srcset=\"https:\/\/www.ime.unicamp.br\/dynsys\/wp-content\/uploads\/2024\/10\/image-5-768x1024.png 768w, https:\/\/www.ime.unicamp.br\/dynsys\/wp-content\/uploads\/2024\/10\/image-5-225x300.png 225w, https:\/\/www.ime.unicamp.br\/dynsys\/wp-content\/uploads\/2024\/10\/image-5.png 907w\" sizes=\"(max-width: 768px) 100vw, 768px\" \/><\/figure>\n\n\n\n<div class=\"wp-block-group is-vertical is-content-justification-center is-nowrap is-layout-flex wp-container-core-group-is-layout-4 wp-block-group-is-layout-flex\">\n<p class=\"has-text-align-center has-small-font-size\"><strong>Ricardo Miranda Martins<\/strong><\/p>\n\n\n\n<p class=\"has-text-align-center has-small-font-size\">Lattes, website, e-mail<\/p>\n<\/div>\n<\/div>\n<\/div>\n<\/div>\n\n\n\n<div class=\"wp-block-group alignfull has-global-padding is-layout-constrained wp-container-core-group-is-layout-10 wp-block-group-is-layout-constrained\" style=\"margin-top:0;margin-bottom:0;padding-top:var(--wp--preset--spacing--50);padding-right:var(--wp--preset--spacing--50);padding-bottom:var(--wp--preset--spacing--50);padding-left:var(--wp--preset--spacing--50)\">\n<div class=\"wp-block-columns alignwide is-layout-flex wp-container-core-columns-is-layout-2 wp-block-columns-is-layout-flex\" style=\"padding-right:0;padding-left:0\">\n<div class=\"wp-block-column is-layout-flow wp-block-column-is-layout-flow\">\n<figure class=\"wp-block-image size-full\"><img loading=\"lazy\" decoding=\"async\" width=\"308\" height=\"308\" src=\"https:\/\/www.ime.unicamp.br\/dynsys\/wp-content\/uploads\/2024\/10\/image-3-edited.png\" alt=\"\" class=\"wp-image-79\" srcset=\"https:\/\/www.ime.unicamp.br\/dynsys\/wp-content\/uploads\/2024\/10\/image-3-edited.png 308w, https:\/\/www.ime.unicamp.br\/dynsys\/wp-content\/uploads\/2024\/10\/image-3-edited-300x300.png 300w, https:\/\/www.ime.unicamp.br\/dynsys\/wp-content\/uploads\/2024\/10\/image-3-edited-150x150.png 150w\" sizes=\"(max-width: 308px) 100vw, 308px\" \/><\/figure>\n\n\n\n<div class=\"wp-block-group is-vertical is-content-justification-center is-nowrap is-layout-flex wp-container-core-group-is-layout-6 wp-block-group-is-layout-flex\">\n<p class=\"has-text-align-center has-small-font-size\"><strong>Jos\u00e9 R\u00e9gis Var\u00e3o<\/strong><\/p>\n\n\n\n<p class=\"has-text-align-center has-small-font-size\">Lattes, website, e-mail<\/p>\n<\/div>\n<\/div>\n\n\n\n<div class=\"wp-block-column is-layout-flow wp-block-column-is-layout-flow\">\n<figure class=\"wp-block-image aligncenter size-full is-resized\"><img loading=\"lazy\" decoding=\"async\" width=\"200\" height=\"200\" src=\"https:\/\/www.ime.unicamp.br\/dynsys\/wp-content\/uploads\/2024\/10\/image-2.png\" alt=\"\" class=\"wp-image-72\" style=\"width:252px;height:auto\" srcset=\"https:\/\/www.ime.unicamp.br\/dynsys\/wp-content\/uploads\/2024\/10\/image-2.png 200w, https:\/\/www.ime.unicamp.br\/dynsys\/wp-content\/uploads\/2024\/10\/image-2-150x150.png 150w\" sizes=\"(max-width: 200px) 100vw, 200px\" \/><\/figure>\n\n\n\n<div class=\"wp-block-group is-vertical is-content-justification-center is-nowrap is-layout-flex wp-container-core-group-is-layout-7 wp-block-group-is-layout-flex\">\n<p class=\"has-text-align-center has-small-font-size\"><strong>Gabriel Ponce<\/strong><\/p>\n\n\n\n<p class=\"has-text-align-center has-small-font-size\">Lattes, website, e-mail<\/p>\n<\/div>\n<\/div>\n\n\n\n<div class=\"wp-block-column is-layout-flow wp-block-column-is-layout-flow\">\n<figure class=\"wp-block-image size-full\"><img loading=\"lazy\" decoding=\"async\" width=\"512\" height=\"512\" src=\"https:\/\/www.ime.unicamp.br\/dynsys\/wp-content\/uploads\/2024\/10\/image-4.png\" alt=\"\" class=\"wp-image-74\" srcset=\"https:\/\/www.ime.unicamp.br\/dynsys\/wp-content\/uploads\/2024\/10\/image-4.png 512w, https:\/\/www.ime.unicamp.br\/dynsys\/wp-content\/uploads\/2024\/10\/image-4-300x300.png 300w, https:\/\/www.ime.unicamp.br\/dynsys\/wp-content\/uploads\/2024\/10\/image-4-150x150.png 150w\" sizes=\"(max-width: 512px) 100vw, 512px\" \/><\/figure>\n\n\n\n<div class=\"wp-block-group is-vertical is-content-justification-center is-nowrap is-layout-flex wp-container-core-group-is-layout-8 wp-block-group-is-layout-flex\">\n<p class=\"has-text-align-center has-small-font-size\"><strong>Douglas Duarte Novaes<\/strong><\/p>\n\n\n\n<p class=\"has-text-align-center has-small-font-size\">Lattes, website, e-mail<\/p>\n<\/div>\n<\/div>\n\n\n\n<div class=\"wp-block-column is-layout-flow wp-block-column-is-layout-flow\">\n\n\n<div class=\"wp-block-group is-vertical is-content-justification-center is-nowrap is-layout-flex wp-container-core-group-is-layout-9 wp-block-group-is-layout-flex\">\n<p class=\"has-text-align-center has-small-font-size\"><\/p>\n\n\n\n<p class=\"has-text-align-center has-small-font-size\"><\/p>\n<\/div>\n<\/div>\n<\/div>\n<\/div>\n\n\n\n<h2 class=\"wp-block-heading has-text-align-center is-style-default has-contrast-color has-base-background-color has-text-color has-background has-link-color has-heading-font-family has-xx-large-font-size wp-elements-f052973690df1b65db6b9dcc25b2e4e8\"><mark style=\"background-color:rgba(0, 0, 0, 0)\" class=\"has-inline-color has-contrast-color\">Students + post-docs<\/mark><\/h2>\n\n\n\n<div class=\"wp-block-group alignfull has-global-padding is-layout-constrained wp-container-core-group-is-layout-15 wp-block-group-is-layout-constrained\" style=\"margin-top:0;margin-bottom:0;padding-top:var(--wp--preset--spacing--50);padding-right:var(--wp--preset--spacing--50);padding-bottom:var(--wp--preset--spacing--50);padding-left:var(--wp--preset--spacing--50)\">\n<div class=\"wp-block-columns alignwide is-layout-flex wp-container-core-columns-is-layout-3 wp-block-columns-is-layout-flex\" style=\"padding-right:0;padding-left:0\">\n<div class=\"wp-block-column is-layout-flow wp-block-column-is-layout-flow\">\n<figure class=\"wp-block-image size-full is-style-rounded is-style-rounded--4712ff867756bec42dce80b639f57f83\"><img loading=\"lazy\" decoding=\"async\" width=\"960\" height=\"1280\" src=\"https:\/\/www.ime.unicamp.br\/dynsys\/wp-content\/uploads\/2024\/10\/PHOTO-2024-10-10-15-51-56.jpg\" alt=\"\" class=\"wp-image-89\" style=\"aspect-ratio:1;object-fit:cover\" srcset=\"https:\/\/www.ime.unicamp.br\/dynsys\/wp-content\/uploads\/2024\/10\/PHOTO-2024-10-10-15-51-56.jpg 960w, https:\/\/www.ime.unicamp.br\/dynsys\/wp-content\/uploads\/2024\/10\/PHOTO-2024-10-10-15-51-56-225x300.jpg 225w, https:\/\/www.ime.unicamp.br\/dynsys\/wp-content\/uploads\/2024\/10\/PHOTO-2024-10-10-15-51-56-768x1024.jpg 768w\" sizes=\"(max-width: 960px) 100vw, 960px\" \/><\/figure>\n\n\n\n<div class=\"wp-block-group is-vertical is-content-justification-center is-nowrap is-layout-flex wp-container-core-group-is-layout-11 wp-block-group-is-layout-flex\">\n<p class=\"has-text-align-center has-small-font-size\"><strong>Ygor Arthur<\/strong><\/p>\n\n\n\n<p class=\"has-small-font-size\">PhD Student<\/p>\n\n\n\n<p class=\"has-small-font-size\"> <a href=\"http:\/\/lattes.cnpq.br\/8848953914394407\">Lattes<\/a><\/p>\n\n\n\n<p class=\"has-small-font-size\">email: y157606@dac.unicamp.br<\/p>\n\n\n\n<p class=\"has-text-align-center has-accent-4-background-color has-background has-small-font-size\">\u00c1rea de estudos: Fluxos geod\u00e9sicos, din\u00e2mica parcialmente hiperb\u00f3lica e teoria erg\u00f3dica. <\/p>\n<\/div>\n<\/div>\n\n\n\n<div class=\"wp-block-column is-layout-flow wp-block-column-is-layout-flow\">\n<figure class=\"wp-block-image size-full is-resized is-style-rounded is-style-rounded--2a2f62a5e03a938f2f7a967efd922617\"><img loading=\"lazy\" decoding=\"async\" width=\"1439\" height=\"2560\" src=\"https:\/\/www.ime.unicamp.br\/dynsys\/wp-content\/uploads\/2024\/10\/1A4071DD-9811-4587-B1E5-8036ECA2622E-scaled.jpg\" alt=\"\" class=\"wp-image-91\" style=\"aspect-ratio:1;object-fit:contain;width:242px;height:auto\" srcset=\"https:\/\/www.ime.unicamp.br\/dynsys\/wp-content\/uploads\/2024\/10\/1A4071DD-9811-4587-B1E5-8036ECA2622E-scaled.jpg 1439w, https:\/\/www.ime.unicamp.br\/dynsys\/wp-content\/uploads\/2024\/10\/1A4071DD-9811-4587-B1E5-8036ECA2622E-169x300.jpg 169w, https:\/\/www.ime.unicamp.br\/dynsys\/wp-content\/uploads\/2024\/10\/1A4071DD-9811-4587-B1E5-8036ECA2622E-576x1024.jpg 576w, https:\/\/www.ime.unicamp.br\/dynsys\/wp-content\/uploads\/2024\/10\/1A4071DD-9811-4587-B1E5-8036ECA2622E-768x1366.jpg 768w, https:\/\/www.ime.unicamp.br\/dynsys\/wp-content\/uploads\/2024\/10\/1A4071DD-9811-4587-B1E5-8036ECA2622E-864x1536.jpg 864w, https:\/\/www.ime.unicamp.br\/dynsys\/wp-content\/uploads\/2024\/10\/1A4071DD-9811-4587-B1E5-8036ECA2622E-1152x2048.jpg 1152w\" sizes=\"(max-width: 1439px) 100vw, 1439px\" \/><\/figure>\n\n\n\n<div class=\"wp-block-group is-vertical is-content-justification-center is-nowrap is-layout-flex wp-container-core-group-is-layout-12 wp-block-group-is-layout-flex\">\n<p class=\"has-text-align-center has-small-font-size\"><strong>Let\u00edcia C\u00e2ndido<\/strong><\/p>\n\n\n\n<p class=\"has-text-align-center has-small-font-size\">PhD Student<\/p>\n\n\n\n<p class=\"has-text-align-center has-small-font-size\"><a href=\"http:\/\/lattes.cnpq.br\/7958658565249654\">Lattes<\/a><\/p>\n\n\n\n<p class=\"has-small-font-size\">email: l220155@dac.unicamp.br<\/p>\n\n\n\n<p class=\"has-text-align-center has-accent-4-background-color has-background has-small-font-size\">\u00c1rea de estudo: Sistemas din\u00e2micos suaves por partes, sistemas din\u00e2micos topol\u00f3gicos e teoria de Morse-Conley<\/p>\n<\/div>\n<\/div>\n\n\n\n<div class=\"wp-block-column is-layout-flow wp-block-column-is-layout-flow\">\n\n\n<div class=\"wp-block-group is-vertical is-content-justification-center is-nowrap is-layout-flex wp-container-core-group-is-layout-13 wp-block-group-is-layout-flex\">\n<p class=\"has-text-align-center has-small-font-size\"><strong>Guilherme Corsini<\/strong><\/p>\n\n\n\n<p><\/p>\n\n\n\n<p class=\"has-text-align-center has-small-font-size\"><\/p>\n<\/div>\n<\/div>\n\n\n\n<div class=\"wp-block-column is-layout-flow wp-block-column-is-layout-flow\">\n\n\n<div class=\"wp-block-group is-vertical is-content-justification-center is-nowrap is-layout-flex wp-container-core-group-is-layout-14 wp-block-group-is-layout-flex\">\n<p class=\"has-text-align-center has-small-font-size\"><strong>Eduarda Dutra<\/strong><\/p>\n\n\n\n<p class=\"has-text-align-center has-small-font-size\"><\/p>\n<\/div>\n<\/div>\n<\/div>\n<\/div>\n\n\n\n<div class=\"wp-block-group alignfull has-global-padding is-layout-constrained wp-container-core-group-is-layout-20 wp-block-group-is-layout-constrained\" style=\"margin-top:0;margin-bottom:0;padding-top:var(--wp--preset--spacing--50);padding-right:var(--wp--preset--spacing--50);padding-bottom:var(--wp--preset--spacing--50);padding-left:var(--wp--preset--spacing--50)\">\n<div class=\"wp-block-columns alignwide is-layout-flex wp-container-core-columns-is-layout-4 wp-block-columns-is-layout-flex\" style=\"padding-right:0;padding-left:0\">\n<div class=\"wp-block-column is-layout-flow wp-block-column-is-layout-flow\">\n<div class=\"wp-block-group is-vertical is-content-justification-center is-nowrap is-layout-flex wp-container-core-group-is-layout-16 wp-block-group-is-layout-flex\">\n<p class=\"has-text-align-center has-small-font-size\"><strong>Pedro Mattos<\/strong><\/p>\n<\/div>\n<\/div>\n\n\n\n<div class=\"wp-block-column is-layout-flow wp-block-column-is-layout-flow\">\n<div class=\"wp-block-group is-vertical is-content-justification-center is-nowrap is-layout-flex wp-container-core-group-is-layout-17 wp-block-group-is-layout-flex\">\n\n\n<p class=\"has-text-align-center has-small-font-size\"><strong>Tiago Miguel<\/strong><\/p>\n<\/div>\n<\/div>\n\n\n\n<div class=\"wp-block-column is-layout-flow wp-block-column-is-layout-flow\">\n\n\n<p class=\"has-text-align-center has-small-font-size\">Matheus<\/p>\n\n\n\n<p><\/p>\n\n\n\n<div class=\"wp-block-group is-vertical is-content-justification-center is-nowrap is-layout-flex wp-container-core-group-is-layout-18 wp-block-group-is-layout-flex\">\n<p class=\"has-text-align-center has-small-font-size\"><\/p>\n<\/div>\n<\/div>\n\n\n\n<div class=\"wp-block-column is-layout-flow wp-block-column-is-layout-flow\">\n\n\n<div class=\"wp-block-group is-vertical is-content-justification-center is-nowrap is-layout-flex wp-container-core-group-is-layout-19 wp-block-group-is-layout-flex\">\n<p class=\"has-text-align-center has-small-font-size\">Tiago Em\u00edlio<\/p>\n<\/div>\n<\/div>\n<\/div>\n<\/div>\n\n\n\n<h2 class=\"wp-block-heading has-text-align-center\">Former students<\/h2>\n\n\n\n<p><\/p>\n\n\n\n<p><\/p>\n","protected":false},"excerpt":{"rendered":"<p>Researchers Marco Antonio Teixeira Lattes, website, e-mail Ketty A. de Rezende Lattes, website, e-mail Eduardo Garibaldi Lattes, website, e-mail Ricardo Miranda Martins Lattes, website, e-mail Jos\u00e9 R\u00e9gis Var\u00e3o Lattes, website, e-mail Gabriel Ponce Lattes, website, e-mail Douglas Duarte Novaes Lattes, website, e-mail Students + post-docs Ygor Arthur PhD Student Lattes email: y157606@dac.unicamp.br \u00c1rea de estudos: [&hellip;]<\/p>\n","protected":false},"author":1,"featured_media":0,"parent":0,"menu_order":0,"comment_status":"closed","ping_status":"closed","template":"","meta":{"footnotes":""},"class_list":["post-12","page","type-page","status-publish","hentry"],"_links":{"self":[{"href":"https:\/\/www.ime.unicamp.br\/dynsys\/index.php\/wp-json\/wp\/v2\/pages\/12"}],"collection":[{"href":"https:\/\/www.ime.unicamp.br\/dynsys\/index.php\/wp-json\/wp\/v2\/pages"}],"about":[{"href":"https:\/\/www.ime.unicamp.br\/dynsys\/index.php\/wp-json\/wp\/v2\/types\/page"}],"author":[{"embeddable":true,"href":"https:\/\/www.ime.unicamp.br\/dynsys\/index.php\/wp-json\/wp\/v2\/users\/1"}],"replies":[{"embeddable":true,"href":"https:\/\/www.ime.unicamp.br\/dynsys\/index.php\/wp-json\/wp\/v2\/comments?post=12"}],"version-history":[{"count":18,"href":"https:\/\/www.ime.unicamp.br\/dynsys\/index.php\/wp-json\/wp\/v2\/pages\/12\/revisions"}],"predecessor-version":[{"id":106,"href":"https:\/\/www.ime.unicamp.br\/dynsys\/index.php\/wp-json\/wp\/v2\/pages\/12\/revisions\/106"}],"wp:attachment":[{"href":"https:\/\/www.ime.unicamp.br\/dynsys\/index.php\/wp-json\/wp\/v2\/media?parent=12"}],"curies":[{"name":"wp","href":"https:\/\/api.w.org\/{rel}","templated":true}]}}